{"id":56,"date":"2014-01-14T22:48:29","date_gmt":"2014-01-14T21:48:29","guid":{"rendered":"http:\/\/truesche.com\/TSGK\/?page_id=56"},"modified":"2014-11-26T10:48:13","modified_gmt":"2014-11-26T09:48:13","slug":"mitgliederseite","status":"publish","type":"page","link":"https:\/\/truesche.com\/TSGK\/mitgliederseite\/","title":{"rendered":"Mitgliederseite"},"content":{"rendered":"<p>Hier bis Du im Mitgliederbereich der TSGK.<\/p>\n<p>Diese Seiten k\u00f6nne f\u00fcr Berichte und Informationen dienen. Ausserdem gibt es ein Forum, wo interne Diskussionen, Erfahrungsaustausch gef\u00fchrt werden k\u00f6nnen.<\/p>\n<p>&nbsp;<\/p>\n<p><span style=\"text-decoration: underline;\"><span style=\"color: #888888; text-decoration: underline;\">17.3.2014:<\/span><\/span><\/p>\n<p><strong>Im \u00fcbrigen nat\u00fcrlich auch vermissten Anfragen ;))\u00a0<\/strong><\/p>\n<p>Ich suche die Adressen\/ Telefonnummern unserer Mitglieder<\/p>\n<p>Sven Kr\u00f6ger,\u00a0Tabea Zubel,\u00a0Martina Kahnert,<br \/>\nHerbert Startk,\u00a0Monika Huttenloch,\u00a0Dirk Pfeifer<\/p>\n<p>Kann mir jemand helfen?<\/p>\n<p>&nbsp;<\/p>\n","protected":false},"excerpt":{"rendered":"<p>Hier bis Du im Mitgliederbereich der TSGK. Diese Seiten k\u00f6nne f\u00fcr Berichte und Informationen dienen. Ausserdem gibt es ein Forum, wo interne Diskussionen, Erfahrungsaustausch gef\u00fchrt werden k\u00f6nnen. &nbsp; 17.3.2014: Im \u00fcbrigen nat\u00fcrlich auch vermissten Anfragen ;))\u00a0 Ich suche die Adressen\/ &#8230; <a class=\"more-link\" href=\"https:\/\/truesche.com\/TSGK\/mitgliederseite\/\">Read More &raquo;<\/a><\/p>\n","protected":false},"author":1,"featured_media":0,"parent":0,"menu_order":5,"comment_status":"closed","ping_status":"closed","template":"","meta":{"_bbp_topic_count":0,"_bbp_reply_count":0,"_bbp_total_topic_count":0,"_bbp_total_reply_count":0,"_bbp_voice_count":0,"_bbp_anonymous_reply_count":0,"_bbp_topic_count_hidden":0,"_bbp_reply_count_hidden":0,"_bbp_forum_subforum_count":0,"jetpack_post_was_ever_published":false},"yoast_head":"<!-- This site is optimized with the Yoast SEO plugin v20.8 - https:\/\/yoast.com\/wordpress\/plugins\/seo\/ -->\n<title>Mitgliederseite - Tauchsportgruppe Konstanz e.V.<\/title>\n<meta name=\"robots\" content=\"index, follow, max-snippet:-1, max-image-preview:large, max-video-preview:-1\" \/>\n<link rel=\"canonical\" href=\"https:\/\/truesche.com\/TSGK\/mitgliederseite\/\" \/>\n<meta property=\"og:locale\" content=\"de_DE\" \/>\n<meta property=\"og:type\" content=\"article\" \/>\n<meta property=\"og:title\" content=\"Mitgliederseite - Tauchsportgruppe Konstanz e.V.\" \/>\n<meta property=\"og:description\" content=\"Hier bis Du im Mitgliederbereich der TSGK. Diese Seiten k\u00f6nne f\u00fcr Berichte und Informationen dienen. Ausserdem gibt es ein Forum, wo interne Diskussionen, Erfahrungsaustausch gef\u00fchrt werden k\u00f6nnen. &nbsp; 17.3.2014: Im \u00fcbrigen nat\u00fcrlich auch vermissten Anfragen ;))\u00a0 Ich suche die Adressen\/ ... Read More &raquo;\" \/>\n<meta property=\"og:url\" content=\"https:\/\/truesche.com\/TSGK\/mitgliederseite\/\" \/>\n<meta property=\"og:site_name\" content=\"Tauchsportgruppe Konstanz e.V.\" \/>\n<meta property=\"article:modified_time\" content=\"2014-11-26T09:48:13+00:00\" \/>\n<script type=\"application\/ld+json\" class=\"yoast-schema-graph\">{\"@context\":\"https:\/\/schema.org\",\"@graph\":[{\"@type\":\"WebPage\",\"@id\":\"https:\/\/truesche.com\/TSGK\/mitgliederseite\/\",\"url\":\"https:\/\/truesche.com\/TSGK\/mitgliederseite\/\",\"name\":\"Mitgliederseite - Tauchsportgruppe Konstanz e.V.\",\"isPartOf\":{\"@id\":\"https:\/\/truesche.com\/TSGK\/#website\"},\"datePublished\":\"2014-01-14T21:48:29+00:00\",\"dateModified\":\"2014-11-26T09:48:13+00:00\",\"breadcrumb\":{\"@id\":\"https:\/\/truesche.com\/TSGK\/mitgliederseite\/#breadcrumb\"},\"inLanguage\":\"de\",\"potentialAction\":[{\"@type\":\"ReadAction\",\"target\":[\"https:\/\/truesche.com\/TSGK\/mitgliederseite\/\"]}]},{\"@type\":\"BreadcrumbList\",\"@id\":\"https:\/\/truesche.com\/TSGK\/mitgliederseite\/#breadcrumb\",\"itemListElement\":[{\"@type\":\"ListItem\",\"position\":1,\"name\":\"Home\",\"item\":\"https:\/\/truesche.com\/TSGK\/\"},{\"@type\":\"ListItem\",\"position\":2,\"name\":\"Mitgliederseite\"}]},{\"@type\":\"WebSite\",\"@id\":\"https:\/\/truesche.com\/TSGK\/#website\",\"url\":\"https:\/\/truesche.com\/TSGK\/\",\"name\":\"Tauchsportgruppe Konstanz e.V.\",\"description\":\"Die Seite der Tauchsportgruppe Konstanz\",\"potentialAction\":[{\"@type\":\"SearchAction\",\"target\":{\"@type\":\"EntryPoint\",\"urlTemplate\":\"https:\/\/truesche.com\/TSGK\/?s={search_term_string}\"},\"query-input\":\"required name=search_term_string\"}],\"inLanguage\":\"de\"}]}<\/script>\n<!-- \/ Yoast SEO plugin. -->","yoast_head_json":{"title":"Mitgliederseite - Tauchsportgruppe Konstanz e.V.","robots":{"index":"index","follow":"follow","max-snippet":"max-snippet:-1","max-image-preview":"max-image-preview:large","max-video-preview":"max-video-preview:-1"},"canonical":"https:\/\/truesche.com\/TSGK\/mitgliederseite\/","og_locale":"de_DE","og_type":"article","og_title":"Mitgliederseite - Tauchsportgruppe Konstanz e.V.","og_description":"Hier bis Du im Mitgliederbereich der TSGK. Diese Seiten k\u00f6nne f\u00fcr Berichte und Informationen dienen. Ausserdem gibt es ein Forum, wo interne Diskussionen, Erfahrungsaustausch gef\u00fchrt werden k\u00f6nnen. &nbsp; 17.3.2014: Im \u00fcbrigen nat\u00fcrlich auch vermissten Anfragen ;))\u00a0 Ich suche die Adressen\/ ... Read More &raquo;","og_url":"https:\/\/truesche.com\/TSGK\/mitgliederseite\/","og_site_name":"Tauchsportgruppe Konstanz e.V.","article_modified_time":"2014-11-26T09:48:13+00:00","schema":{"@context":"https:\/\/schema.org","@graph":[{"@type":"WebPage","@id":"https:\/\/truesche.com\/TSGK\/mitgliederseite\/","url":"https:\/\/truesche.com\/TSGK\/mitgliederseite\/","name":"Mitgliederseite - Tauchsportgruppe Konstanz e.V.","isPartOf":{"@id":"https:\/\/truesche.com\/TSGK\/#website"},"datePublished":"2014-01-14T21:48:29+00:00","dateModified":"2014-11-26T09:48:13+00:00","breadcrumb":{"@id":"https:\/\/truesche.com\/TSGK\/mitgliederseite\/#breadcrumb"},"inLanguage":"de","potentialAction":[{"@type":"ReadAction","target":["https:\/\/truesche.com\/TSGK\/mitgliederseite\/"]}]},{"@type":"BreadcrumbList","@id":"https:\/\/truesche.com\/TSGK\/mitgliederseite\/#breadcrumb","itemListElement":[{"@type":"ListItem","position":1,"name":"Home","item":"https:\/\/truesche.com\/TSGK\/"},{"@type":"ListItem","position":2,"name":"Mitgliederseite"}]},{"@type":"WebSite","@id":"https:\/\/truesche.com\/TSGK\/#website","url":"https:\/\/truesche.com\/TSGK\/","name":"Tauchsportgruppe Konstanz e.V.","description":"Die Seite der Tauchsportgruppe Konstanz","potentialAction":[{"@type":"SearchAction","target":{"@type":"EntryPoint","urlTemplate":"https:\/\/truesche.com\/TSGK\/?s={search_term_string}"},"query-input":"required name=search_term_string"}],"inLanguage":"de"}]}},"jetpack_sharing_enabled":true,"jetpack_shortlink":"https:\/\/wp.me\/P4sULs-U","_links":{"self":[{"href":"https:\/\/truesche.com\/TSGK\/wp-json\/wp\/v2\/pages\/56"}],"collection":[{"href":"https:\/\/truesche.com\/TSGK\/wp-json\/wp\/v2\/pages"}],"about":[{"href":"https:\/\/truesche.com\/TSGK\/wp-json\/wp\/v2\/types\/page"}],"author":[{"embeddable":true,"href":"https:\/\/truesche.com\/TSGK\/wp-json\/wp\/v2\/users\/1"}],"replies":[{"embeddable":true,"href":"https:\/\/truesche.com\/TSGK\/wp-json\/wp\/v2\/comments?post=56"}],"version-history":[{"count":8,"href":"https:\/\/truesche.com\/TSGK\/wp-json\/wp\/v2\/pages\/56\/revisions"}],"predecessor-version":[{"id":524,"href":"https:\/\/truesche.com\/TSGK\/wp-json\/wp\/v2\/pages\/56\/revisions\/524"}],"wp:attachment":[{"href":"https:\/\/truesche.com\/TSGK\/wp-json\/wp\/v2\/media?parent=56"}],"curies":[{"name":"wp","href":"https:\/\/api.w.org\/{rel}","templated":true}]}}