{"id":52,"date":"2014-01-14T17:38:56","date_gmt":"2014-01-14T15:38:56","guid":{"rendered":"http:\/\/truesche.com\/TSGK\/?page_id=52"},"modified":"2014-11-25T17:42:59","modified_gmt":"2014-11-25T16:42:59","slug":"mitglied-werden","status":"publish","type":"page","link":"https:\/\/truesche.com\/TSGK\/ueber-uns\/mitglied-werden\/","title":{"rendered":"Mitglied werden"},"content":{"rendered":"<p>Euch haben die Aktivit\u00e4ten der TSGK e.V. \u00fcberzeugt?<\/p>\n<p>Ihr wollt mit dabei sein und den Bodensee das ganze Jahr richtig kennenlernen?<\/p>\n<p>Ihr ben\u00f6tigt neue Tauchpartner?<\/p>\n<p>Dann k\u00f6nnt Ihr gerne unsere Anmeldeformulare hier ausdrucken und uns einfach zusenden.<\/p>\n<p>Die folgenden Dokumente stehen zum Download hier bereit:<\/p>\n<ul type=\"DISC\">\n<li><a href=\"https:\/\/truesche.com\/TSGK\/wp-content\/uploads\/2014\/11\/2014-11-22-aufnahmeantrag.pdf\">Aufnahmeantrag_TSGK<\/a><\/li>\n<li><a href=\"https:\/\/truesche.com\/TSGK\/wp-content\/uploads\/2014\/11\/Einzugsermaechtigung_TSGK13.pdf\">Einzugserm\u00e4chtigung_TSGK<\/a><\/li>\n<li><a href=\"https:\/\/truesche.com\/TSGK\/wp-content\/uploads\/2014\/11\/2014-11-22-gesch\u00e4ftsordnung.pdf\">Gesch\u00e4ftsordnung<\/a><\/li>\n<li><a href=\"https:\/\/truesche.com\/TSGK\/wp-content\/uploads\/2014\/11\/2002-01-13-Datenschutzerklaerung.pdf\">Datenschutzerkl\u00e4rung<\/a><\/li>\n<li><a href=\"https:\/\/truesche.com\/TSGK\/wp-content\/uploads\/2014\/11\/2014-11-22-richtlinie.pdf\">Richtlinie der TSGK e.V. zum Denkmalschutz unter Wasser<\/a><\/li>\n<\/ul>\n<p>Oder Ihr wollt nur n\u00e4heren Kontakt f\u00fcr R\u00fcckfragen?<\/p>\n<p>Dann nehmt doch einfach <a title=\"Kontakt\" href=\"https:\/\/truesche.com\/TSGK\/kontakt\/\">Kontakt <\/a>zu uns auf!<br \/>\nNat\u00fcrlich helfen wir auch gerne als ortsans\u00e4ssige Taucher angereisten Tauchbegeisterten weiter. Unser Vorstand vermittelt hier gerne den richtigen Kontakt.<\/p>\n<p>Bei Fragen zur Ausbildung wendet Euch bitte an die f\u00fcr die TSGK e.V. aktiven Tauchlehrer.<\/p>\n","protected":false},"excerpt":{"rendered":"<p>Euch haben die Aktivit\u00e4ten der TSGK e.V. \u00fcberzeugt? Ihr wollt mit dabei sein und den Bodensee das ganze Jahr richtig kennenlernen? Ihr ben\u00f6tigt neue Tauchpartner? Dann k\u00f6nnt Ihr gerne unsere Anmeldeformulare hier ausdrucken und uns einfach zusenden. Die folgenden Dokumente &#8230; <a class=\"more-link\" href=\"https:\/\/truesche.com\/TSGK\/ueber-uns\/mitglied-werden\/\">Read More &raquo;<\/a><\/p>\n","protected":false},"author":1,"featured_media":0,"parent":50,"menu_order":2,"comment_status":"closed","ping_status":"closed","template":"","meta":{"_bbp_topic_count":0,"_bbp_reply_count":0,"_bbp_total_topic_count":0,"_bbp_total_reply_count":0,"_bbp_voice_count":0,"_bbp_anonymous_reply_count":0,"_bbp_topic_count_hidden":0,"_bbp_reply_count_hidden":0,"_bbp_forum_subforum_count":0,"jetpack_post_was_ever_published":false},"yoast_head":"<!-- This site is optimized with the Yoast SEO plugin v20.8 - https:\/\/yoast.com\/wordpress\/plugins\/seo\/ -->\n<title>Mitglied werden - Tauchsportgruppe Konstanz e.V.<\/title>\n<meta name=\"robots\" content=\"index, follow, max-snippet:-1, max-image-preview:large, max-video-preview:-1\" \/>\n<link rel=\"canonical\" href=\"https:\/\/truesche.com\/TSGK\/ueber-uns\/mitglied-werden\/\" \/>\n<meta property=\"og:locale\" content=\"de_DE\" \/>\n<meta property=\"og:type\" content=\"article\" \/>\n<meta property=\"og:title\" content=\"Mitglied werden - Tauchsportgruppe Konstanz e.V.\" \/>\n<meta property=\"og:description\" content=\"Euch haben die Aktivit\u00e4ten der TSGK e.V. \u00fcberzeugt? Ihr wollt mit dabei sein und den Bodensee das ganze Jahr richtig kennenlernen? Ihr ben\u00f6tigt neue Tauchpartner? Dann k\u00f6nnt Ihr gerne unsere Anmeldeformulare hier ausdrucken und uns einfach zusenden. Die folgenden Dokumente ... Read More &raquo;\" \/>\n<meta property=\"og:url\" content=\"https:\/\/truesche.com\/TSGK\/ueber-uns\/mitglied-werden\/\" \/>\n<meta property=\"og:site_name\" content=\"Tauchsportgruppe Konstanz e.V.\" \/>\n<meta property=\"article:modified_time\" content=\"2014-11-25T16:42:59+00:00\" \/>\n<meta name=\"twitter:label1\" content=\"Gesch\u00e4tzte Lesezeit\" \/>\n\t<meta name=\"twitter:data1\" content=\"1\u00a0Minute\" \/>\n<script type=\"application\/ld+json\" class=\"yoast-schema-graph\">{\"@context\":\"https:\/\/schema.org\",\"@graph\":[{\"@type\":\"WebPage\",\"@id\":\"https:\/\/truesche.com\/TSGK\/ueber-uns\/mitglied-werden\/\",\"url\":\"https:\/\/truesche.com\/TSGK\/ueber-uns\/mitglied-werden\/\",\"name\":\"Mitglied werden - Tauchsportgruppe Konstanz e.V.\",\"isPartOf\":{\"@id\":\"https:\/\/truesche.com\/TSGK\/#website\"},\"datePublished\":\"2014-01-14T15:38:56+00:00\",\"dateModified\":\"2014-11-25T16:42:59+00:00\",\"breadcrumb\":{\"@id\":\"https:\/\/truesche.com\/TSGK\/ueber-uns\/mitglied-werden\/#breadcrumb\"},\"inLanguage\":\"de\",\"potentialAction\":[{\"@type\":\"ReadAction\",\"target\":[\"https:\/\/truesche.com\/TSGK\/ueber-uns\/mitglied-werden\/\"]}]},{\"@type\":\"BreadcrumbList\",\"@id\":\"https:\/\/truesche.com\/TSGK\/ueber-uns\/mitglied-werden\/#breadcrumb\",\"itemListElement\":[{\"@type\":\"ListItem\",\"position\":1,\"name\":\"Home\",\"item\":\"https:\/\/truesche.com\/TSGK\/\"},{\"@type\":\"ListItem\",\"position\":2,\"name\":\"\u00dcber uns\",\"item\":\"https:\/\/truesche.com\/TSGK\/ueber-uns\/\"},{\"@type\":\"ListItem\",\"position\":3,\"name\":\"Mitglied werden\"}]},{\"@type\":\"WebSite\",\"@id\":\"https:\/\/truesche.com\/TSGK\/#website\",\"url\":\"https:\/\/truesche.com\/TSGK\/\",\"name\":\"Tauchsportgruppe Konstanz e.V.\",\"description\":\"Die Seite der Tauchsportgruppe Konstanz\",\"potentialAction\":[{\"@type\":\"SearchAction\",\"target\":{\"@type\":\"EntryPoint\",\"urlTemplate\":\"https:\/\/truesche.com\/TSGK\/?s={search_term_string}\"},\"query-input\":\"required name=search_term_string\"}],\"inLanguage\":\"de\"}]}<\/script>\n<!-- \/ Yoast SEO plugin. -->","yoast_head_json":{"title":"Mitglied werden - Tauchsportgruppe Konstanz e.V.","robots":{"index":"index","follow":"follow","max-snippet":"max-snippet:-1","max-image-preview":"max-image-preview:large","max-video-preview":"max-video-preview:-1"},"canonical":"https:\/\/truesche.com\/TSGK\/ueber-uns\/mitglied-werden\/","og_locale":"de_DE","og_type":"article","og_title":"Mitglied werden - Tauchsportgruppe Konstanz e.V.","og_description":"Euch haben die Aktivit\u00e4ten der TSGK e.V. \u00fcberzeugt? Ihr wollt mit dabei sein und den Bodensee das ganze Jahr richtig kennenlernen? Ihr ben\u00f6tigt neue Tauchpartner? Dann k\u00f6nnt Ihr gerne unsere Anmeldeformulare hier ausdrucken und uns einfach zusenden. Die folgenden Dokumente ... Read More &raquo;","og_url":"https:\/\/truesche.com\/TSGK\/ueber-uns\/mitglied-werden\/","og_site_name":"Tauchsportgruppe Konstanz e.V.","article_modified_time":"2014-11-25T16:42:59+00:00","twitter_misc":{"Gesch\u00e4tzte Lesezeit":"1\u00a0Minute"},"schema":{"@context":"https:\/\/schema.org","@graph":[{"@type":"WebPage","@id":"https:\/\/truesche.com\/TSGK\/ueber-uns\/mitglied-werden\/","url":"https:\/\/truesche.com\/TSGK\/ueber-uns\/mitglied-werden\/","name":"Mitglied werden - Tauchsportgruppe Konstanz e.V.","isPartOf":{"@id":"https:\/\/truesche.com\/TSGK\/#website"},"datePublished":"2014-01-14T15:38:56+00:00","dateModified":"2014-11-25T16:42:59+00:00","breadcrumb":{"@id":"https:\/\/truesche.com\/TSGK\/ueber-uns\/mitglied-werden\/#breadcrumb"},"inLanguage":"de","potentialAction":[{"@type":"ReadAction","target":["https:\/\/truesche.com\/TSGK\/ueber-uns\/mitglied-werden\/"]}]},{"@type":"BreadcrumbList","@id":"https:\/\/truesche.com\/TSGK\/ueber-uns\/mitglied-werden\/#breadcrumb","itemListElement":[{"@type":"ListItem","position":1,"name":"Home","item":"https:\/\/truesche.com\/TSGK\/"},{"@type":"ListItem","position":2,"name":"\u00dcber uns","item":"https:\/\/truesche.com\/TSGK\/ueber-uns\/"},{"@type":"ListItem","position":3,"name":"Mitglied werden"}]},{"@type":"WebSite","@id":"https:\/\/truesche.com\/TSGK\/#website","url":"https:\/\/truesche.com\/TSGK\/","name":"Tauchsportgruppe Konstanz e.V.","description":"Die Seite der Tauchsportgruppe Konstanz","potentialAction":[{"@type":"SearchAction","target":{"@type":"EntryPoint","urlTemplate":"https:\/\/truesche.com\/TSGK\/?s={search_term_string}"},"query-input":"required name=search_term_string"}],"inLanguage":"de"}]}},"jetpack_sharing_enabled":true,"jetpack_shortlink":"https:\/\/wp.me\/P4sULs-Q","_links":{"self":[{"href":"https:\/\/truesche.com\/TSGK\/wp-json\/wp\/v2\/pages\/52"}],"collection":[{"href":"https:\/\/truesche.com\/TSGK\/wp-json\/wp\/v2\/pages"}],"about":[{"href":"https:\/\/truesche.com\/TSGK\/wp-json\/wp\/v2\/types\/page"}],"author":[{"embeddable":true,"href":"https:\/\/truesche.com\/TSGK\/wp-json\/wp\/v2\/users\/1"}],"replies":[{"embeddable":true,"href":"https:\/\/truesche.com\/TSGK\/wp-json\/wp\/v2\/comments?post=52"}],"version-history":[{"count":14,"href":"https:\/\/truesche.com\/TSGK\/wp-json\/wp\/v2\/pages\/52\/revisions"}],"predecessor-version":[{"id":518,"href":"https:\/\/truesche.com\/TSGK\/wp-json\/wp\/v2\/pages\/52\/revisions\/518"}],"up":[{"embeddable":true,"href":"https:\/\/truesche.com\/TSGK\/wp-json\/wp\/v2\/pages\/50"}],"wp:attachment":[{"href":"https:\/\/truesche.com\/TSGK\/wp-json\/wp\/v2\/media?parent=52"}],"curies":[{"name":"wp","href":"https:\/\/api.w.org\/{rel}","templated":true}]}}