{"id":48,"date":"2014-01-14T17:37:56","date_gmt":"2014-01-14T15:37:56","guid":{"rendered":"http:\/\/truesche.com\/TSGK\/?page_id=48"},"modified":"2015-09-01T18:42:07","modified_gmt":"2015-09-01T16:42:07","slug":"museum-unter-wasser","status":"publish","type":"page","link":"https:\/\/truesche.com\/TSGK\/aktivitaeten\/museum-unter-wasser\/","title":{"rendered":"Museum unter Wasser"},"content":{"rendered":"<p>Museum unter Wasser ist ein Projekt der Tauchsportgruppe Konstanz e.V. (TSGK e.V.) sowie der Sektion Unterwasserarch\u00e4ologie der Gesellschaft f\u00fcr Vor- und Fr\u00fchgeschichte in W\u00fcrttemberg-Hohenzollern (SUWA) mit freundlicher Unterst\u00fctzung des Landesdenkmalamtes Baden-W\u00fcrttemberg.<\/p>\n<p><a href=\"https:\/\/truesche.com\/TSGK\/wp-content\/uploads\/2014\/01\/MG_5780.jpg\"><img decoding=\"async\" loading=\"lazy\" class=\"alignleft  MuseumUnterWasser\" src=\"https:\/\/truesche.com\/TSGK\/wp-content\/uploads\/2014\/01\/MG_5780.jpg\" alt=\"MG_5780\" width=\"500\" height=\"333\" \/><\/a><\/p>\n<p><em>Das Museum unter Wasser<\/em><\/p>\n<p>Museum unter Wasser ist aktiver Denkmalschutz unter Wasser. Seit mehreren Jahren besch\u00e4ftigt sich die TSGK e.V. mit diesem Thema. Damit unsere Tauchpl\u00e4tze weiterhin erhalten bleiben. Grundlage daf\u00fcr ist unsere Richtlinie zum Denkmalschutzgerechten Tauchen. Die Richtlinie ist hier zum Download erh\u00e4ltlich:<\/p>\n<ul type=\"DISC\">\n<li><a href=\"https:\/\/truesche.com\/TSGK\/wp-content\/uploads\/2014\/11\/2014-11-22-richtlinie.pdf\" target=\"_blank\">Richtlinie der TSGK zum Denkmalgerechten Tauchen<\/a> (Stand 1\/2013)<\/li>\n<\/ul>\n<p><a href=\"https:\/\/truesche.com\/TSGK\/wp-content\/uploads\/2014\/01\/MG_5729.jpg\"><img decoding=\"async\" loading=\"lazy\" class=\"alignleft  wp-image-29\" src=\"https:\/\/truesche.com\/TSGK\/wp-content\/uploads\/2014\/01\/MG_5729.jpg\" alt=\"MG_5729\" width=\"500\" height=\"333\" \/><\/a><br \/>\n<em>Ansicht der vor Ludwigshafen gesunkenen L\u00e4dine <\/em><\/p>\n<p>Das Museum unter Wasser kann man, wie jedes Museum, besuchen. Dazu gibt es Informationen unter Wasser beim Lehmschiff vor Ludwigshafen.<\/p>\n<p>Das Museum unter Wasser sorgt schon \u00fcber Wasser f\u00fcr die richtigen Infos. In einem Faltblatt zum Lehmschiff vor Ludwigshafen.<\/p>\n<p>Das Museum unter Wasser ist wie der Name schon sagt nur unter Wasser anzutreffen, dar\u00fcber hinaus gibt es aber auch interessante Museen \u00fcber Wasser am Bodensee.<\/p>\n<p>Das Museum unter Wasser wurde dem interessierten Publikum schon mehrfach in Vortr\u00e4gen \u00fcber Wasser vorgestellt.<\/p>\n<p>Und zum Schluss noch ein Wort zur Juratauchg\u00e4ngen, dem legend\u00e4ren Raddampfer im Bodensee. Inzwischen h\u00e4ufig diskutiert: die Ankersch\u00e4den an dem Wrack des Raddampfers. Unsere Bestrebungen hierzu ist in Einklang mit unserer Richtlinie auch ein Denkmalgerechtes Ankern beim Tauchen &#8211; am Beispiel der Jura hei\u00dft das: Auffinden des Wracks mit Hilfe des Echolots, Ankern vor dem Bug und Antauchen des Wracks mit Reel von der Ankerleine aus.<\/p>\n<p><a href=\"https:\/\/truesche.com\/TSGK\/wp-content\/uploads\/2014\/01\/Ankerwinde-2013-07-l.jpg\"><img decoding=\"async\" loading=\"lazy\" class=\"wp-image-8 alignright\" src=\"https:\/\/truesche.com\/TSGK\/wp-content\/uploads\/2014\/01\/Ankerwinde-2013-07-l.jpg\" alt=\"Ankerwinde-2013-07-l\" width=\"500\" height=\"333\" \/><\/a><br \/>\n<em>Ankerwinde der Jura<\/em><\/p>\n<p>Sowohl von den Unterwasserarch\u00e4ologen und Denkmalsch\u00fctzern sowie den Sporttauchern, denen wir \u201cMuseum unter Wasser\u201d vorgestellt haben, hoffen wir auf Kritik und Anregungen. Das betrifft sowohl die Aufmachung der Seite als auch das Thema Denkmalschutz selbst. Bitte behalten Sie Ihre Meinung nicht f\u00fcr sich sondern mailen sie uns!<\/p>\n<div data-test='contact-form' id='contact-form-48' class='wp-block-jetpack-contact-form-container '>\n<form action='https:\/\/truesche.com\/TSGK\/aktivitaeten\/museum-unter-wasser\/#contact-form-48' method='post' class='contact-form commentsblock'>\n<script>\n\t\t\t( function () {\n\t\t\t\tconst contact_forms = document.getElementsByClassName('contact-form');\n\n\t\t\t\tfor ( const form of contact_forms ) {\n\t\t\t\t\tform.onsubmit = function() {\n\t\t\t\t\t\tconst buttons = form.getElementsByTagName('button');\n\n\t\t\t\t\t\tfor( const button of buttons ) {\n\t\t\t\t\t\t\tbutton.setAttribute('disabled', true);\n\t\t\t\t\t\t}\n\t\t\t\t\t}\n\t\t\t\t}\n\t\t\t} )();\n\t\t<\/script>\n<div style=\"\" class='grunion-field-name-wrap grunion-field-wrap'  >\n<label\n\t\t\t\tfor='g48-name'\n\t\t\t\tclass='grunion-field-label name'\n\t\t\t\t>Name<\/label>\n<input\n\t\t\t\t\ttype='text'\n\t\t\t\t\tname='g48-name'\n\t\t\t\t\tid='g48-name'\n\t\t\t\t\tvalue=''\n\t\t\t\t\tclass='name  grunion-field' \n\t\t\t\t\t \/>\n\t<\/div>\n\n<div style=\"\" class='grunion-field-email-wrap grunion-field-wrap'  >\n<label\n\t\t\t\tfor='g48-email'\n\t\t\t\tclass='grunion-field-label email'\n\t\t\t\t>E-Mail<span>(erforderlich)<\/span><\/label>\n<input\n\t\t\t\t\ttype='email'\n\t\t\t\t\tname='g48-email'\n\t\t\t\t\tid='g48-email'\n\t\t\t\t\tvalue=''\n\t\t\t\t\tclass='email  grunion-field' \n\t\t\t\t\trequired aria-required='true' \/>\n\t<\/div>\n\n<div style=\"\" class='grunion-field-textarea-wrap grunion-field-wrap'  >\n<label\n\t\t\t\tfor='contact-form-comment-g48-kommentar'\n\t\t\t\tclass='grunion-field-label textarea'\n\t\t\t\t>Kommentar<span>(erforderlich)<\/span><\/label>\n<textarea\n\t\t                style=''\n\t\t                name='g48-kommentar'\n\t\t                id='contact-form-comment-g48-kommentar'\n\t\t                rows='20' class='textarea  grunion-field'  required aria-required='true'><\/textarea>\n\t<\/div>\n\t<p class='contact-submit'>\n\t\t<button type='submit' class='pushbutton-wide'>Senden<\/button>\t\t<input type='hidden' name='contact-form-id' value='48' \/>\n\t\t<input type='hidden' name='action' value='grunion-contact-form' \/>\n\t\t<input type='hidden' name='contact-form-hash' value='f024e293fc220a1a583e3cea86204430fb3e5878' \/>\n\t<\/p>\n<\/form>\n<\/div>\n","protected":false},"excerpt":{"rendered":"<p>Museum unter Wasser ist ein Projekt der Tauchsportgruppe Konstanz e.V. (TSGK e.V.) sowie der Sektion Unterwasserarch\u00e4ologie der Gesellschaft f\u00fcr Vor- und Fr\u00fchgeschichte in W\u00fcrttemberg-Hohenzollern (SUWA) mit freundlicher Unterst\u00fctzung des Landesdenkmalamtes Baden-W\u00fcrttemberg. Das Museum unter Wasser Museum unter Wasser ist aktiver &#8230; <a class=\"more-link\" href=\"https:\/\/truesche.com\/TSGK\/aktivitaeten\/museum-unter-wasser\/\">Read More &raquo;<\/a><\/p>\n","protected":false},"author":1,"featured_media":30,"parent":42,"menu_order":3,"comment_status":"closed","ping_status":"closed","template":"","meta":{"_bbp_topic_count":0,"_bbp_reply_count":0,"_bbp_total_topic_count":0,"_bbp_total_reply_count":0,"_bbp_voice_count":0,"_bbp_anonymous_reply_count":0,"_bbp_topic_count_hidden":0,"_bbp_reply_count_hidden":0,"_bbp_forum_subforum_count":0,"jetpack_post_was_ever_published":false},"yoast_head":"<!-- This site is optimized with the Yoast SEO plugin v20.8 - https:\/\/yoast.com\/wordpress\/plugins\/seo\/ -->\n<title>Museum unter Wasser - Tauchsportgruppe Konstanz e.V.<\/title>\n<meta name=\"robots\" content=\"index, follow, max-snippet:-1, max-image-preview:large, max-video-preview:-1\" \/>\n<link rel=\"canonical\" href=\"https:\/\/truesche.com\/TSGK\/aktivitaeten\/museum-unter-wasser\/\" \/>\n<meta property=\"og:locale\" content=\"de_DE\" \/>\n<meta property=\"og:type\" content=\"article\" \/>\n<meta property=\"og:title\" content=\"Museum unter Wasser - Tauchsportgruppe Konstanz e.V.\" \/>\n<meta property=\"og:description\" content=\"Museum unter Wasser ist ein Projekt der Tauchsportgruppe Konstanz e.V. (TSGK e.V.) sowie der Sektion Unterwasserarch\u00e4ologie der Gesellschaft f\u00fcr Vor- und Fr\u00fchgeschichte in W\u00fcrttemberg-Hohenzollern (SUWA) mit freundlicher Unterst\u00fctzung des Landesdenkmalamtes Baden-W\u00fcrttemberg. Das Museum unter Wasser Museum unter Wasser ist aktiver ... Read More &raquo;\" \/>\n<meta property=\"og:url\" content=\"https:\/\/truesche.com\/TSGK\/aktivitaeten\/museum-unter-wasser\/\" \/>\n<meta property=\"og:site_name\" content=\"Tauchsportgruppe Konstanz e.V.\" \/>\n<meta property=\"article:modified_time\" content=\"2015-09-01T16:42:07+00:00\" \/>\n<meta property=\"og:image\" content=\"https:\/\/truesche.com\/TSGK\/wp-content\/uploads\/2014\/01\/MG_5780.jpg\" \/>\n\t<meta property=\"og:image:width\" content=\"3332\" \/>\n\t<meta property=\"og:image:height\" content=\"2221\" \/>\n\t<meta property=\"og:image:type\" content=\"image\/jpeg\" \/>\n<meta name=\"twitter:label1\" content=\"Gesch\u00e4tzte Lesezeit\" \/>\n\t<meta name=\"twitter:data1\" content=\"2\u00a0Minuten\" \/>\n<script type=\"application\/ld+json\" class=\"yoast-schema-graph\">{\"@context\":\"https:\/\/schema.org\",\"@graph\":[{\"@type\":\"WebPage\",\"@id\":\"https:\/\/truesche.com\/TSGK\/aktivitaeten\/museum-unter-wasser\/\",\"url\":\"https:\/\/truesche.com\/TSGK\/aktivitaeten\/museum-unter-wasser\/\",\"name\":\"Museum unter Wasser - Tauchsportgruppe Konstanz e.V.\",\"isPartOf\":{\"@id\":\"https:\/\/truesche.com\/TSGK\/#website\"},\"datePublished\":\"2014-01-14T15:37:56+00:00\",\"dateModified\":\"2015-09-01T16:42:07+00:00\",\"breadcrumb\":{\"@id\":\"https:\/\/truesche.com\/TSGK\/aktivitaeten\/museum-unter-wasser\/#breadcrumb\"},\"inLanguage\":\"de\",\"potentialAction\":[{\"@type\":\"ReadAction\",\"target\":[\"https:\/\/truesche.com\/TSGK\/aktivitaeten\/museum-unter-wasser\/\"]}]},{\"@type\":\"BreadcrumbList\",\"@id\":\"https:\/\/truesche.com\/TSGK\/aktivitaeten\/museum-unter-wasser\/#breadcrumb\",\"itemListElement\":[{\"@type\":\"ListItem\",\"position\":1,\"name\":\"Home\",\"item\":\"https:\/\/truesche.com\/TSGK\/\"},{\"@type\":\"ListItem\",\"position\":2,\"name\":\"Aktivit\u00e4ten\",\"item\":\"https:\/\/truesche.com\/TSGK\/aktivitaeten\/\"},{\"@type\":\"ListItem\",\"position\":3,\"name\":\"Museum unter Wasser\"}]},{\"@type\":\"WebSite\",\"@id\":\"https:\/\/truesche.com\/TSGK\/#website\",\"url\":\"https:\/\/truesche.com\/TSGK\/\",\"name\":\"Tauchsportgruppe Konstanz e.V.\",\"description\":\"Die Seite der Tauchsportgruppe Konstanz\",\"potentialAction\":[{\"@type\":\"SearchAction\",\"target\":{\"@type\":\"EntryPoint\",\"urlTemplate\":\"https:\/\/truesche.com\/TSGK\/?s={search_term_string}\"},\"query-input\":\"required name=search_term_string\"}],\"inLanguage\":\"de\"}]}<\/script>\n<!-- \/ Yoast SEO plugin. -->","yoast_head_json":{"title":"Museum unter Wasser - Tauchsportgruppe Konstanz e.V.","robots":{"index":"index","follow":"follow","max-snippet":"max-snippet:-1","max-image-preview":"max-image-preview:large","max-video-preview":"max-video-preview:-1"},"canonical":"https:\/\/truesche.com\/TSGK\/aktivitaeten\/museum-unter-wasser\/","og_locale":"de_DE","og_type":"article","og_title":"Museum unter Wasser - Tauchsportgruppe Konstanz e.V.","og_description":"Museum unter Wasser ist ein Projekt der Tauchsportgruppe Konstanz e.V. (TSGK e.V.) sowie der Sektion Unterwasserarch\u00e4ologie der Gesellschaft f\u00fcr Vor- und Fr\u00fchgeschichte in W\u00fcrttemberg-Hohenzollern (SUWA) mit freundlicher Unterst\u00fctzung des Landesdenkmalamtes Baden-W\u00fcrttemberg. Das Museum unter Wasser Museum unter Wasser ist aktiver ... Read More &raquo;","og_url":"https:\/\/truesche.com\/TSGK\/aktivitaeten\/museum-unter-wasser\/","og_site_name":"Tauchsportgruppe Konstanz e.V.","article_modified_time":"2015-09-01T16:42:07+00:00","og_image":[{"width":3332,"height":2221,"url":"https:\/\/truesche.com\/TSGK\/wp-content\/uploads\/2014\/01\/MG_5780.jpg","type":"image\/jpeg"}],"twitter_misc":{"Gesch\u00e4tzte Lesezeit":"2\u00a0Minuten"},"schema":{"@context":"https:\/\/schema.org","@graph":[{"@type":"WebPage","@id":"https:\/\/truesche.com\/TSGK\/aktivitaeten\/museum-unter-wasser\/","url":"https:\/\/truesche.com\/TSGK\/aktivitaeten\/museum-unter-wasser\/","name":"Museum unter Wasser - Tauchsportgruppe Konstanz e.V.","isPartOf":{"@id":"https:\/\/truesche.com\/TSGK\/#website"},"datePublished":"2014-01-14T15:37:56+00:00","dateModified":"2015-09-01T16:42:07+00:00","breadcrumb":{"@id":"https:\/\/truesche.com\/TSGK\/aktivitaeten\/museum-unter-wasser\/#breadcrumb"},"inLanguage":"de","potentialAction":[{"@type":"ReadAction","target":["https:\/\/truesche.com\/TSGK\/aktivitaeten\/museum-unter-wasser\/"]}]},{"@type":"BreadcrumbList","@id":"https:\/\/truesche.com\/TSGK\/aktivitaeten\/museum-unter-wasser\/#breadcrumb","itemListElement":[{"@type":"ListItem","position":1,"name":"Home","item":"https:\/\/truesche.com\/TSGK\/"},{"@type":"ListItem","position":2,"name":"Aktivit\u00e4ten","item":"https:\/\/truesche.com\/TSGK\/aktivitaeten\/"},{"@type":"ListItem","position":3,"name":"Museum unter Wasser"}]},{"@type":"WebSite","@id":"https:\/\/truesche.com\/TSGK\/#website","url":"https:\/\/truesche.com\/TSGK\/","name":"Tauchsportgruppe Konstanz e.V.","description":"Die Seite der Tauchsportgruppe Konstanz","potentialAction":[{"@type":"SearchAction","target":{"@type":"EntryPoint","urlTemplate":"https:\/\/truesche.com\/TSGK\/?s={search_term_string}"},"query-input":"required name=search_term_string"}],"inLanguage":"de"}]}},"jetpack_sharing_enabled":true,"jetpack_shortlink":"https:\/\/wp.me\/P4sULs-M","_links":{"self":[{"href":"https:\/\/truesche.com\/TSGK\/wp-json\/wp\/v2\/pages\/48"}],"collection":[{"href":"https:\/\/truesche.com\/TSGK\/wp-json\/wp\/v2\/pages"}],"about":[{"href":"https:\/\/truesche.com\/TSGK\/wp-json\/wp\/v2\/types\/page"}],"author":[{"embeddable":true,"href":"https:\/\/truesche.com\/TSGK\/wp-json\/wp\/v2\/users\/1"}],"replies":[{"embeddable":true,"href":"https:\/\/truesche.com\/TSGK\/wp-json\/wp\/v2\/comments?post=48"}],"version-history":[{"count":9,"href":"https:\/\/truesche.com\/TSGK\/wp-json\/wp\/v2\/pages\/48\/revisions"}],"predecessor-version":[{"id":308,"href":"https:\/\/truesche.com\/TSGK\/wp-json\/wp\/v2\/pages\/48\/revisions\/308"}],"up":[{"embeddable":true,"href":"https:\/\/truesche.com\/TSGK\/wp-json\/wp\/v2\/pages\/42"}],"wp:featuredmedia":[{"embeddable":true,"href":"https:\/\/truesche.com\/TSGK\/wp-json\/wp\/v2\/media\/30"}],"wp:attachment":[{"href":"https:\/\/truesche.com\/TSGK\/wp-json\/wp\/v2\/media?parent=48"}],"curies":[{"name":"wp","href":"https:\/\/api.w.org\/{rel}","templated":true}]}}