{"id":46,"date":"2014-01-14T17:37:14","date_gmt":"2014-01-14T15:37:14","guid":{"rendered":"http:\/\/truesche.com\/TSGK\/?page_id=46"},"modified":"2015-02-16T22:34:48","modified_gmt":"2015-02-16T21:34:48","slug":"unterwasserrugby","status":"publish","type":"page","link":"https:\/\/truesche.com\/TSGK\/aktivitaeten\/unterwasserrugby\/","title":{"rendered":"Unterwasserrugby"},"content":{"rendered":"<p>Auf den ersten Blick wirkt Unterwasserrugby wie eine Mischung aus Flossenschwimmen, Schnorcheltauchen, Handball, Basketball und Ringen im dreidimensionalen Raum. Das Spiel f\u00f6rdert Koordination und Kondition, aber auch taktisches Verst\u00e4ndnis und einen Blick f\u00fcr den freien Raum.<\/p>\n<p>Ziel ist es, den salzwassergef\u00fcllten Ball in den gegnerischen Korb zu bef\u00f6rdern.<\/p>\n<p>In Deutschland erfreut sich der Sport immer gr\u00f6\u00dferer Beliebtheit und der Ligabetrieb umfasst bis zu vier Ebenen. In einer Spielgemeinschaft mit dem TSC Friedrichshafen starten wir als UWR Bodensee I in der Landesliga, und mit UWR Bodensee II in der Bezirksliga Baden-W\u00fcrttemberg.<\/p>\n<p>Unsere Trainingszeiten sind \u00fcber den Hochschulsport der Uni Konstanz organisiert. Genaueres dazu und eine Kontaktadresse findet sich hier:<\/p>\n<p><a href=\"http:\/\/sportbuchung.hsp.uni-konstanz.de\/angebote\/aktueller_zeitraum\/_Unterwasserrugby.html\">http:\/\/sportbuchung.hsp.uni-konstanz.de\/angebote\/aktueller_zeitraum\/_Unterwasserrugby.html<\/a><\/p>\n","protected":false},"excerpt":{"rendered":"<p>Auf den ersten Blick wirkt Unterwasserrugby wie eine Mischung aus Flossenschwimmen, Schnorcheltauchen, Handball, Basketball und Ringen im dreidimensionalen Raum. Das Spiel f\u00f6rdert Koordination und Kondition, aber auch taktisches Verst\u00e4ndnis und einen Blick f\u00fcr den freien Raum. Ziel ist es, den &#8230; <a class=\"more-link\" href=\"https:\/\/truesche.com\/TSGK\/aktivitaeten\/unterwasserrugby\/\">Read More &raquo;<\/a><\/p>\n","protected":false},"author":1,"featured_media":0,"parent":42,"menu_order":2,"comment_status":"closed","ping_status":"closed","template":"","meta":{"_bbp_topic_count":0,"_bbp_reply_count":0,"_bbp_total_topic_count":0,"_bbp_total_reply_count":0,"_bbp_voice_count":0,"_bbp_anonymous_reply_count":0,"_bbp_topic_count_hidden":0,"_bbp_reply_count_hidden":0,"_bbp_forum_subforum_count":0,"jetpack_post_was_ever_published":false},"yoast_head":"<!-- This site is optimized with the Yoast SEO plugin v20.8 - https:\/\/yoast.com\/wordpress\/plugins\/seo\/ -->\n<title>Unterwasserrugby - Tauchsportgruppe Konstanz e.V.<\/title>\n<meta name=\"robots\" content=\"index, follow, max-snippet:-1, max-image-preview:large, max-video-preview:-1\" \/>\n<link rel=\"canonical\" href=\"https:\/\/truesche.com\/TSGK\/aktivitaeten\/unterwasserrugby\/\" \/>\n<meta property=\"og:locale\" content=\"de_DE\" \/>\n<meta property=\"og:type\" content=\"article\" \/>\n<meta property=\"og:title\" content=\"Unterwasserrugby - Tauchsportgruppe Konstanz e.V.\" \/>\n<meta property=\"og:description\" content=\"Auf den ersten Blick wirkt Unterwasserrugby wie eine Mischung aus Flossenschwimmen, Schnorcheltauchen, Handball, Basketball und Ringen im dreidimensionalen Raum. Das Spiel f\u00f6rdert Koordination und Kondition, aber auch taktisches Verst\u00e4ndnis und einen Blick f\u00fcr den freien Raum. Ziel ist es, den ... Read More &raquo;\" \/>\n<meta property=\"og:url\" content=\"https:\/\/truesche.com\/TSGK\/aktivitaeten\/unterwasserrugby\/\" \/>\n<meta property=\"og:site_name\" content=\"Tauchsportgruppe Konstanz e.V.\" \/>\n<meta property=\"article:modified_time\" content=\"2015-02-16T21:34:48+00:00\" \/>\n<meta name=\"twitter:label1\" content=\"Gesch\u00e4tzte Lesezeit\" \/>\n\t<meta name=\"twitter:data1\" content=\"1\u00a0Minute\" \/>\n<script type=\"application\/ld+json\" class=\"yoast-schema-graph\">{\"@context\":\"https:\/\/schema.org\",\"@graph\":[{\"@type\":\"WebPage\",\"@id\":\"https:\/\/truesche.com\/TSGK\/aktivitaeten\/unterwasserrugby\/\",\"url\":\"https:\/\/truesche.com\/TSGK\/aktivitaeten\/unterwasserrugby\/\",\"name\":\"Unterwasserrugby - Tauchsportgruppe Konstanz e.V.\",\"isPartOf\":{\"@id\":\"https:\/\/truesche.com\/TSGK\/#website\"},\"datePublished\":\"2014-01-14T15:37:14+00:00\",\"dateModified\":\"2015-02-16T21:34:48+00:00\",\"breadcrumb\":{\"@id\":\"https:\/\/truesche.com\/TSGK\/aktivitaeten\/unterwasserrugby\/#breadcrumb\"},\"inLanguage\":\"de\",\"potentialAction\":[{\"@type\":\"ReadAction\",\"target\":[\"https:\/\/truesche.com\/TSGK\/aktivitaeten\/unterwasserrugby\/\"]}]},{\"@type\":\"BreadcrumbList\",\"@id\":\"https:\/\/truesche.com\/TSGK\/aktivitaeten\/unterwasserrugby\/#breadcrumb\",\"itemListElement\":[{\"@type\":\"ListItem\",\"position\":1,\"name\":\"Home\",\"item\":\"https:\/\/truesche.com\/TSGK\/\"},{\"@type\":\"ListItem\",\"position\":2,\"name\":\"Aktivit\u00e4ten\",\"item\":\"https:\/\/truesche.com\/TSGK\/aktivitaeten\/\"},{\"@type\":\"ListItem\",\"position\":3,\"name\":\"Unterwasserrugby\"}]},{\"@type\":\"WebSite\",\"@id\":\"https:\/\/truesche.com\/TSGK\/#website\",\"url\":\"https:\/\/truesche.com\/TSGK\/\",\"name\":\"Tauchsportgruppe Konstanz e.V.\",\"description\":\"Die Seite der Tauchsportgruppe Konstanz\",\"potentialAction\":[{\"@type\":\"SearchAction\",\"target\":{\"@type\":\"EntryPoint\",\"urlTemplate\":\"https:\/\/truesche.com\/TSGK\/?s={search_term_string}\"},\"query-input\":\"required name=search_term_string\"}],\"inLanguage\":\"de\"}]}<\/script>\n<!-- \/ Yoast SEO plugin. -->","yoast_head_json":{"title":"Unterwasserrugby - Tauchsportgruppe Konstanz e.V.","robots":{"index":"index","follow":"follow","max-snippet":"max-snippet:-1","max-image-preview":"max-image-preview:large","max-video-preview":"max-video-preview:-1"},"canonical":"https:\/\/truesche.com\/TSGK\/aktivitaeten\/unterwasserrugby\/","og_locale":"de_DE","og_type":"article","og_title":"Unterwasserrugby - Tauchsportgruppe Konstanz e.V.","og_description":"Auf den ersten Blick wirkt Unterwasserrugby wie eine Mischung aus Flossenschwimmen, Schnorcheltauchen, Handball, Basketball und Ringen im dreidimensionalen Raum. Das Spiel f\u00f6rdert Koordination und Kondition, aber auch taktisches Verst\u00e4ndnis und einen Blick f\u00fcr den freien Raum. Ziel ist es, den ... Read More &raquo;","og_url":"https:\/\/truesche.com\/TSGK\/aktivitaeten\/unterwasserrugby\/","og_site_name":"Tauchsportgruppe Konstanz e.V.","article_modified_time":"2015-02-16T21:34:48+00:00","twitter_misc":{"Gesch\u00e4tzte Lesezeit":"1\u00a0Minute"},"schema":{"@context":"https:\/\/schema.org","@graph":[{"@type":"WebPage","@id":"https:\/\/truesche.com\/TSGK\/aktivitaeten\/unterwasserrugby\/","url":"https:\/\/truesche.com\/TSGK\/aktivitaeten\/unterwasserrugby\/","name":"Unterwasserrugby - Tauchsportgruppe Konstanz e.V.","isPartOf":{"@id":"https:\/\/truesche.com\/TSGK\/#website"},"datePublished":"2014-01-14T15:37:14+00:00","dateModified":"2015-02-16T21:34:48+00:00","breadcrumb":{"@id":"https:\/\/truesche.com\/TSGK\/aktivitaeten\/unterwasserrugby\/#breadcrumb"},"inLanguage":"de","potentialAction":[{"@type":"ReadAction","target":["https:\/\/truesche.com\/TSGK\/aktivitaeten\/unterwasserrugby\/"]}]},{"@type":"BreadcrumbList","@id":"https:\/\/truesche.com\/TSGK\/aktivitaeten\/unterwasserrugby\/#breadcrumb","itemListElement":[{"@type":"ListItem","position":1,"name":"Home","item":"https:\/\/truesche.com\/TSGK\/"},{"@type":"ListItem","position":2,"name":"Aktivit\u00e4ten","item":"https:\/\/truesche.com\/TSGK\/aktivitaeten\/"},{"@type":"ListItem","position":3,"name":"Unterwasserrugby"}]},{"@type":"WebSite","@id":"https:\/\/truesche.com\/TSGK\/#website","url":"https:\/\/truesche.com\/TSGK\/","name":"Tauchsportgruppe Konstanz e.V.","description":"Die Seite der Tauchsportgruppe Konstanz","potentialAction":[{"@type":"SearchAction","target":{"@type":"EntryPoint","urlTemplate":"https:\/\/truesche.com\/TSGK\/?s={search_term_string}"},"query-input":"required name=search_term_string"}],"inLanguage":"de"}]}},"jetpack_sharing_enabled":true,"jetpack_shortlink":"https:\/\/wp.me\/P4sULs-K","_links":{"self":[{"href":"https:\/\/truesche.com\/TSGK\/wp-json\/wp\/v2\/pages\/46"}],"collection":[{"href":"https:\/\/truesche.com\/TSGK\/wp-json\/wp\/v2\/pages"}],"about":[{"href":"https:\/\/truesche.com\/TSGK\/wp-json\/wp\/v2\/types\/page"}],"author":[{"embeddable":true,"href":"https:\/\/truesche.com\/TSGK\/wp-json\/wp\/v2\/users\/1"}],"replies":[{"embeddable":true,"href":"https:\/\/truesche.com\/TSGK\/wp-json\/wp\/v2\/comments?post=46"}],"version-history":[{"count":3,"href":"https:\/\/truesche.com\/TSGK\/wp-json\/wp\/v2\/pages\/46\/revisions"}],"predecessor-version":[{"id":554,"href":"https:\/\/truesche.com\/TSGK\/wp-json\/wp\/v2\/pages\/46\/revisions\/554"}],"up":[{"embeddable":true,"href":"https:\/\/truesche.com\/TSGK\/wp-json\/wp\/v2\/pages\/42"}],"wp:attachment":[{"href":"https:\/\/truesche.com\/TSGK\/wp-json\/wp\/v2\/media?parent=46"}],"curies":[{"name":"wp","href":"https:\/\/api.w.org\/{rel}","templated":true}]}}