{"id":422,"date":"2014-10-21T23:17:18","date_gmt":"2014-10-21T21:17:18","guid":{"rendered":"http:\/\/truesche.com\/TSGK\/?page_id=422"},"modified":"2014-10-21T23:17:37","modified_gmt":"2014-10-21T21:17:37","slug":"tauchpartner","status":"publish","type":"page","link":"https:\/\/truesche.com\/TSGK\/ueber-uns\/tauchpartner\/","title":{"rendered":"Tauchpartner"},"content":{"rendered":"<p>Wir gehen regelm\u00e4\u00dfig tauchen und es gibt die M\u00f6glichkeit die  Tauchpl\u00e4tze des Bodensees mit erfahrenen Bodenseetauchenr kennen zu lernen. Eine Liste der Tauchpartner gibt es im <a href=\"https:\/\/truesche.com\/TSGK\/mitgliederseite\/\" title=\"Mitgliederseite\">Mitgliederbereich<\/a> &#8211; hierf\u00fcr am besten anmelden. Bei fragen bitte einfach <a href=\"https:\/\/truesche.com\/TSGK\/kontakt\/\" title=\"Kontakt\">Kontakt <\/a>aufnehmen.<\/p>\n","protected":false},"excerpt":{"rendered":"<p>Wir gehen regelm\u00e4\u00dfig tauchen und es gibt die M\u00f6glichkeit die Tauchpl\u00e4tze des Bodensees mit erfahrenen Bodenseetauchenr kennen zu lernen. Eine Liste der Tauchpartner gibt es im Mitgliederbereich &#8211; hierf\u00fcr am besten anmelden. Bei fragen bitte einfach Kontakt aufnehmen.<\/p>\n","protected":false},"author":4,"featured_media":0,"parent":50,"menu_order":3,"comment_status":"closed","ping_status":"open","template":"","meta":{"_bbp_topic_count":0,"_bbp_reply_count":0,"_bbp_total_topic_count":0,"_bbp_total_reply_count":0,"_bbp_voice_count":0,"_bbp_anonymous_reply_count":0,"_bbp_topic_count_hidden":0,"_bbp_reply_count_hidden":0,"_bbp_forum_subforum_count":0,"jetpack_post_was_ever_published":false},"yoast_head":"<!-- This site is optimized with the Yoast SEO plugin v20.8 - https:\/\/yoast.com\/wordpress\/plugins\/seo\/ -->\n<title>Tauchpartner - Tauchsportgruppe Konstanz e.V.<\/title>\n<meta name=\"robots\" content=\"index, follow, max-snippet:-1, max-image-preview:large, max-video-preview:-1\" \/>\n<link rel=\"canonical\" href=\"https:\/\/truesche.com\/TSGK\/ueber-uns\/tauchpartner\/\" \/>\n<meta property=\"og:locale\" content=\"de_DE\" \/>\n<meta property=\"og:type\" content=\"article\" \/>\n<meta property=\"og:title\" content=\"Tauchpartner - Tauchsportgruppe Konstanz e.V.\" \/>\n<meta property=\"og:description\" content=\"Wir gehen regelm\u00e4\u00dfig tauchen und es gibt die M\u00f6glichkeit die Tauchpl\u00e4tze des Bodensees mit erfahrenen Bodenseetauchenr kennen zu lernen. Eine Liste der Tauchpartner gibt es im Mitgliederbereich &#8211; hierf\u00fcr am besten anmelden. Bei fragen bitte einfach Kontakt aufnehmen.\" \/>\n<meta property=\"og:url\" content=\"https:\/\/truesche.com\/TSGK\/ueber-uns\/tauchpartner\/\" \/>\n<meta property=\"og:site_name\" content=\"Tauchsportgruppe Konstanz e.V.\" \/>\n<meta property=\"article:modified_time\" content=\"2014-10-21T21:17:37+00:00\" \/>\n<script type=\"application\/ld+json\" class=\"yoast-schema-graph\">{\"@context\":\"https:\/\/schema.org\",\"@graph\":[{\"@type\":\"WebPage\",\"@id\":\"https:\/\/truesche.com\/TSGK\/ueber-uns\/tauchpartner\/\",\"url\":\"https:\/\/truesche.com\/TSGK\/ueber-uns\/tauchpartner\/\",\"name\":\"Tauchpartner - Tauchsportgruppe Konstanz e.V.\",\"isPartOf\":{\"@id\":\"https:\/\/truesche.com\/TSGK\/#website\"},\"datePublished\":\"2014-10-21T21:17:18+00:00\",\"dateModified\":\"2014-10-21T21:17:37+00:00\",\"breadcrumb\":{\"@id\":\"https:\/\/truesche.com\/TSGK\/ueber-uns\/tauchpartner\/#breadcrumb\"},\"inLanguage\":\"de\",\"potentialAction\":[{\"@type\":\"ReadAction\",\"target\":[\"https:\/\/truesche.com\/TSGK\/ueber-uns\/tauchpartner\/\"]}]},{\"@type\":\"BreadcrumbList\",\"@id\":\"https:\/\/truesche.com\/TSGK\/ueber-uns\/tauchpartner\/#breadcrumb\",\"itemListElement\":[{\"@type\":\"ListItem\",\"position\":1,\"name\":\"Home\",\"item\":\"https:\/\/truesche.com\/TSGK\/\"},{\"@type\":\"ListItem\",\"position\":2,\"name\":\"\u00dcber uns\",\"item\":\"https:\/\/truesche.com\/TSGK\/ueber-uns\/\"},{\"@type\":\"ListItem\",\"position\":3,\"name\":\"Tauchpartner\"}]},{\"@type\":\"WebSite\",\"@id\":\"https:\/\/truesche.com\/TSGK\/#website\",\"url\":\"https:\/\/truesche.com\/TSGK\/\",\"name\":\"Tauchsportgruppe Konstanz e.V.\",\"description\":\"Die Seite der Tauchsportgruppe Konstanz\",\"potentialAction\":[{\"@type\":\"SearchAction\",\"target\":{\"@type\":\"EntryPoint\",\"urlTemplate\":\"https:\/\/truesche.com\/TSGK\/?s={search_term_string}\"},\"query-input\":\"required name=search_term_string\"}],\"inLanguage\":\"de\"}]}<\/script>\n<!-- \/ Yoast SEO plugin. -->","yoast_head_json":{"title":"Tauchpartner - Tauchsportgruppe Konstanz e.V.","robots":{"index":"index","follow":"follow","max-snippet":"max-snippet:-1","max-image-preview":"max-image-preview:large","max-video-preview":"max-video-preview:-1"},"canonical":"https:\/\/truesche.com\/TSGK\/ueber-uns\/tauchpartner\/","og_locale":"de_DE","og_type":"article","og_title":"Tauchpartner - Tauchsportgruppe Konstanz e.V.","og_description":"Wir gehen regelm\u00e4\u00dfig tauchen und es gibt die M\u00f6glichkeit die Tauchpl\u00e4tze des Bodensees mit erfahrenen Bodenseetauchenr kennen zu lernen. Eine Liste der Tauchpartner gibt es im Mitgliederbereich &#8211; hierf\u00fcr am besten anmelden. Bei fragen bitte einfach Kontakt aufnehmen.","og_url":"https:\/\/truesche.com\/TSGK\/ueber-uns\/tauchpartner\/","og_site_name":"Tauchsportgruppe Konstanz e.V.","article_modified_time":"2014-10-21T21:17:37+00:00","schema":{"@context":"https:\/\/schema.org","@graph":[{"@type":"WebPage","@id":"https:\/\/truesche.com\/TSGK\/ueber-uns\/tauchpartner\/","url":"https:\/\/truesche.com\/TSGK\/ueber-uns\/tauchpartner\/","name":"Tauchpartner - Tauchsportgruppe Konstanz e.V.","isPartOf":{"@id":"https:\/\/truesche.com\/TSGK\/#website"},"datePublished":"2014-10-21T21:17:18+00:00","dateModified":"2014-10-21T21:17:37+00:00","breadcrumb":{"@id":"https:\/\/truesche.com\/TSGK\/ueber-uns\/tauchpartner\/#breadcrumb"},"inLanguage":"de","potentialAction":[{"@type":"ReadAction","target":["https:\/\/truesche.com\/TSGK\/ueber-uns\/tauchpartner\/"]}]},{"@type":"BreadcrumbList","@id":"https:\/\/truesche.com\/TSGK\/ueber-uns\/tauchpartner\/#breadcrumb","itemListElement":[{"@type":"ListItem","position":1,"name":"Home","item":"https:\/\/truesche.com\/TSGK\/"},{"@type":"ListItem","position":2,"name":"\u00dcber uns","item":"https:\/\/truesche.com\/TSGK\/ueber-uns\/"},{"@type":"ListItem","position":3,"name":"Tauchpartner"}]},{"@type":"WebSite","@id":"https:\/\/truesche.com\/TSGK\/#website","url":"https:\/\/truesche.com\/TSGK\/","name":"Tauchsportgruppe Konstanz e.V.","description":"Die Seite der Tauchsportgruppe Konstanz","potentialAction":[{"@type":"SearchAction","target":{"@type":"EntryPoint","urlTemplate":"https:\/\/truesche.com\/TSGK\/?s={search_term_string}"},"query-input":"required name=search_term_string"}],"inLanguage":"de"}]}},"jetpack_sharing_enabled":true,"jetpack_shortlink":"https:\/\/wp.me\/P4sULs-6O","_links":{"self":[{"href":"https:\/\/truesche.com\/TSGK\/wp-json\/wp\/v2\/pages\/422"}],"collection":[{"href":"https:\/\/truesche.com\/TSGK\/wp-json\/wp\/v2\/pages"}],"about":[{"href":"https:\/\/truesche.com\/TSGK\/wp-json\/wp\/v2\/types\/page"}],"author":[{"embeddable":true,"href":"https:\/\/truesche.com\/TSGK\/wp-json\/wp\/v2\/users\/4"}],"replies":[{"embeddable":true,"href":"https:\/\/truesche.com\/TSGK\/wp-json\/wp\/v2\/comments?post=422"}],"version-history":[{"count":1,"href":"https:\/\/truesche.com\/TSGK\/wp-json\/wp\/v2\/pages\/422\/revisions"}],"predecessor-version":[{"id":423,"href":"https:\/\/truesche.com\/TSGK\/wp-json\/wp\/v2\/pages\/422\/revisions\/423"}],"up":[{"embeddable":true,"href":"https:\/\/truesche.com\/TSGK\/wp-json\/wp\/v2\/pages\/50"}],"wp:attachment":[{"href":"https:\/\/truesche.com\/TSGK\/wp-json\/wp\/v2\/media?parent=422"}],"curies":[{"name":"wp","href":"https:\/\/api.w.org\/{rel}","templated":true}]}}