{"id":42,"date":"2014-01-14T17:35:29","date_gmt":"2014-01-14T15:35:29","guid":{"rendered":"http:\/\/truesche.com\/TSGK\/?page_id=42"},"modified":"2014-07-27T16:07:56","modified_gmt":"2014-07-27T14:07:56","slug":"aktivitaeten","status":"publish","type":"page","link":"https:\/\/truesche.com\/TSGK\/aktivitaeten\/","title":{"rendered":"Aktivit\u00e4ten"},"content":{"rendered":"<p>Ein Tauchsportverein lebt von der Aktivit\u00e4t seiner Mitglieder. Nicht alles, was unsere Mitglieder machen, findet in Veranstaltungen der TSGK e.V. statt. Bei uns findest Du z.B. auch Mitglieder, die<\/p>\n<ul type=\"DISC\">\n<li>Aufkl\u00e4rungsarbeit bei den &#8222;<a title=\"Alles zum Tauchen im Bodensee\" href=\"https:\/\/truesche.de\">Tauchpl\u00e4tze am Bodensee<\/a>&#8220; machen &#8211; damit unsere Tauchpl\u00e4tze auch weiterhin erhalten bleiben.<\/li>\n<li>Infos zu uns h\u00e4ufig gestellten Fragen um den Bodensee geben.<\/li>\n<li>als ortsans\u00e4ssige Taucher als Ansprechpartner f\u00fcr auswertige Taucher dienen.<\/li>\n<li>sich im Arbeitskreis &#8222;Sicheres Tauchen im Bodensee&#8220; engagieren.<\/li>\n<li>aufr\u00e4umen mit den Ger\u00fcchten um den &#8222;<a title=\"Alles zum Tauchen am Teufelstisch\" href=\"http:\/\/www.teufelstisch.de\">Teufelstisch<\/a>&#8222;.<\/li>\n<\/ul>\n<p>Und hier erz\u00e4hlen unsere Mitglieder selbst &#8211; Beitr\u00e4ge:<\/p>\n","protected":false},"excerpt":{"rendered":"<p>Ein Tauchsportverein lebt von der Aktivit\u00e4t seiner Mitglieder. Nicht alles, was unsere Mitglieder machen, findet in Veranstaltungen der TSGK e.V. statt. Bei uns findest Du z.B. auch Mitglieder, die Aufkl\u00e4rungsarbeit bei den &#8222;Tauchpl\u00e4tze am Bodensee&#8220; machen &#8211; damit unsere Tauchpl\u00e4tze &#8230; <a class=\"more-link\" href=\"https:\/\/truesche.com\/TSGK\/aktivitaeten\/\">Read More &raquo;<\/a><\/p>\n","protected":false},"author":1,"featured_media":0,"parent":0,"menu_order":2,"comment_status":"closed","ping_status":"closed","template":"","meta":{"_bbp_topic_count":0,"_bbp_reply_count":0,"_bbp_total_topic_count":0,"_bbp_total_reply_count":0,"_bbp_voice_count":0,"_bbp_anonymous_reply_count":0,"_bbp_topic_count_hidden":0,"_bbp_reply_count_hidden":0,"_bbp_forum_subforum_count":0,"jetpack_post_was_ever_published":false},"yoast_head":"<!-- This site is optimized with the Yoast SEO plugin v20.8 - https:\/\/yoast.com\/wordpress\/plugins\/seo\/ -->\n<title>Aktivit\u00e4ten - Tauchsportgruppe Konstanz e.V.<\/title>\n<meta name=\"robots\" content=\"index, follow, max-snippet:-1, max-image-preview:large, max-video-preview:-1\" \/>\n<link rel=\"canonical\" href=\"https:\/\/truesche.com\/TSGK\/aktivitaeten\/\" \/>\n<meta property=\"og:locale\" content=\"de_DE\" \/>\n<meta property=\"og:type\" content=\"article\" \/>\n<meta property=\"og:title\" content=\"Aktivit\u00e4ten - Tauchsportgruppe Konstanz e.V.\" \/>\n<meta property=\"og:description\" content=\"Ein Tauchsportverein lebt von der Aktivit\u00e4t seiner Mitglieder. Nicht alles, was unsere Mitglieder machen, findet in Veranstaltungen der TSGK e.V. statt. Bei uns findest Du z.B. auch Mitglieder, die Aufkl\u00e4rungsarbeit bei den &#8222;Tauchpl\u00e4tze am Bodensee&#8220; machen &#8211; damit unsere Tauchpl\u00e4tze ... Read More &raquo;\" \/>\n<meta property=\"og:url\" content=\"https:\/\/truesche.com\/TSGK\/aktivitaeten\/\" \/>\n<meta property=\"og:site_name\" content=\"Tauchsportgruppe Konstanz e.V.\" \/>\n<meta property=\"article:modified_time\" content=\"2014-07-27T14:07:56+00:00\" \/>\n<script type=\"application\/ld+json\" class=\"yoast-schema-graph\">{\"@context\":\"https:\/\/schema.org\",\"@graph\":[{\"@type\":\"WebPage\",\"@id\":\"https:\/\/truesche.com\/TSGK\/aktivitaeten\/\",\"url\":\"https:\/\/truesche.com\/TSGK\/aktivitaeten\/\",\"name\":\"Aktivit\u00e4ten - Tauchsportgruppe Konstanz e.V.\",\"isPartOf\":{\"@id\":\"https:\/\/truesche.com\/TSGK\/#website\"},\"datePublished\":\"2014-01-14T15:35:29+00:00\",\"dateModified\":\"2014-07-27T14:07:56+00:00\",\"breadcrumb\":{\"@id\":\"https:\/\/truesche.com\/TSGK\/aktivitaeten\/#breadcrumb\"},\"inLanguage\":\"de\",\"potentialAction\":[{\"@type\":\"ReadAction\",\"target\":[\"https:\/\/truesche.com\/TSGK\/aktivitaeten\/\"]}]},{\"@type\":\"BreadcrumbList\",\"@id\":\"https:\/\/truesche.com\/TSGK\/aktivitaeten\/#breadcrumb\",\"itemListElement\":[{\"@type\":\"ListItem\",\"position\":1,\"name\":\"Home\",\"item\":\"https:\/\/truesche.com\/TSGK\/\"},{\"@type\":\"ListItem\",\"position\":2,\"name\":\"Aktivit\u00e4ten\"}]},{\"@type\":\"WebSite\",\"@id\":\"https:\/\/truesche.com\/TSGK\/#website\",\"url\":\"https:\/\/truesche.com\/TSGK\/\",\"name\":\"Tauchsportgruppe Konstanz e.V.\",\"description\":\"Die Seite der Tauchsportgruppe Konstanz\",\"potentialAction\":[{\"@type\":\"SearchAction\",\"target\":{\"@type\":\"EntryPoint\",\"urlTemplate\":\"https:\/\/truesche.com\/TSGK\/?s={search_term_string}\"},\"query-input\":\"required name=search_term_string\"}],\"inLanguage\":\"de\"}]}<\/script>\n<!-- \/ Yoast SEO plugin. -->","yoast_head_json":{"title":"Aktivit\u00e4ten - Tauchsportgruppe Konstanz e.V.","robots":{"index":"index","follow":"follow","max-snippet":"max-snippet:-1","max-image-preview":"max-image-preview:large","max-video-preview":"max-video-preview:-1"},"canonical":"https:\/\/truesche.com\/TSGK\/aktivitaeten\/","og_locale":"de_DE","og_type":"article","og_title":"Aktivit\u00e4ten - Tauchsportgruppe Konstanz e.V.","og_description":"Ein Tauchsportverein lebt von der Aktivit\u00e4t seiner Mitglieder. Nicht alles, was unsere Mitglieder machen, findet in Veranstaltungen der TSGK e.V. statt. Bei uns findest Du z.B. auch Mitglieder, die Aufkl\u00e4rungsarbeit bei den &#8222;Tauchpl\u00e4tze am Bodensee&#8220; machen &#8211; damit unsere Tauchpl\u00e4tze ... Read More &raquo;","og_url":"https:\/\/truesche.com\/TSGK\/aktivitaeten\/","og_site_name":"Tauchsportgruppe Konstanz e.V.","article_modified_time":"2014-07-27T14:07:56+00:00","schema":{"@context":"https:\/\/schema.org","@graph":[{"@type":"WebPage","@id":"https:\/\/truesche.com\/TSGK\/aktivitaeten\/","url":"https:\/\/truesche.com\/TSGK\/aktivitaeten\/","name":"Aktivit\u00e4ten - Tauchsportgruppe Konstanz e.V.","isPartOf":{"@id":"https:\/\/truesche.com\/TSGK\/#website"},"datePublished":"2014-01-14T15:35:29+00:00","dateModified":"2014-07-27T14:07:56+00:00","breadcrumb":{"@id":"https:\/\/truesche.com\/TSGK\/aktivitaeten\/#breadcrumb"},"inLanguage":"de","potentialAction":[{"@type":"ReadAction","target":["https:\/\/truesche.com\/TSGK\/aktivitaeten\/"]}]},{"@type":"BreadcrumbList","@id":"https:\/\/truesche.com\/TSGK\/aktivitaeten\/#breadcrumb","itemListElement":[{"@type":"ListItem","position":1,"name":"Home","item":"https:\/\/truesche.com\/TSGK\/"},{"@type":"ListItem","position":2,"name":"Aktivit\u00e4ten"}]},{"@type":"WebSite","@id":"https:\/\/truesche.com\/TSGK\/#website","url":"https:\/\/truesche.com\/TSGK\/","name":"Tauchsportgruppe Konstanz e.V.","description":"Die Seite der Tauchsportgruppe Konstanz","potentialAction":[{"@type":"SearchAction","target":{"@type":"EntryPoint","urlTemplate":"https:\/\/truesche.com\/TSGK\/?s={search_term_string}"},"query-input":"required name=search_term_string"}],"inLanguage":"de"}]}},"jetpack_sharing_enabled":true,"jetpack_shortlink":"https:\/\/wp.me\/P4sULs-G","_links":{"self":[{"href":"https:\/\/truesche.com\/TSGK\/wp-json\/wp\/v2\/pages\/42"}],"collection":[{"href":"https:\/\/truesche.com\/TSGK\/wp-json\/wp\/v2\/pages"}],"about":[{"href":"https:\/\/truesche.com\/TSGK\/wp-json\/wp\/v2\/types\/page"}],"author":[{"embeddable":true,"href":"https:\/\/truesche.com\/TSGK\/wp-json\/wp\/v2\/users\/1"}],"replies":[{"embeddable":true,"href":"https:\/\/truesche.com\/TSGK\/wp-json\/wp\/v2\/comments?post=42"}],"version-history":[{"count":4,"href":"https:\/\/truesche.com\/TSGK\/wp-json\/wp\/v2\/pages\/42\/revisions"}],"predecessor-version":[{"id":247,"href":"https:\/\/truesche.com\/TSGK\/wp-json\/wp\/v2\/pages\/42\/revisions\/247"}],"wp:attachment":[{"href":"https:\/\/truesche.com\/TSGK\/wp-json\/wp\/v2\/media?parent=42"}],"curies":[{"name":"wp","href":"https:\/\/api.w.org\/{rel}","templated":true}]}}