{"id":419,"date":"2014-10-21T23:14:03","date_gmt":"2014-10-21T21:14:03","guid":{"rendered":"http:\/\/truesche.com\/TSGK\/?page_id=419"},"modified":"2014-10-22T12:48:29","modified_gmt":"2014-10-22T10:48:29","slug":"ausruestung","status":"publish","type":"page","link":"https:\/\/truesche.com\/TSGK\/ueber-uns\/ausruestung\/","title":{"rendered":"Ausr\u00fcstung"},"content":{"rendered":"<p>Unseren Vereinsmitgliedern steht eine bodenseetaugliche Kaltwasserausr\u00fcstung zu preisg\u00fcnstigen Ausleihbedingungen zur Verf\u00fcgung. Es k\u00f6nnen ausgeliehene werden:<\/p>\n<p>&#8211; kaltwassertaugliche Atemregler,<\/p>\n<p>&#8211; 12l Tauchflaschen mit getrennt absperrbaren Doppelventilen<\/p>\n<p>&#8211; Jackets<\/p>\n<p>&#8211; Blei- und Bleigurte<\/p>\n<p>&#8211; eine Tauchlampe<\/p>\n<p>&#8211; ein Tiefenmesser<\/p>\n<p>Zus\u00e4tzlich haben wir einen komplettes DAN-On Demand Notfall-Sauerstoffsystem angeschafft das kostenlos f\u00fcr Tauchg\u00e4nge oder Vereinsveranstaltungen ausgeliehen werden kann. Unsere Ausleihbedingungen sollen dabei vor allem die Tauchsicherheit f\u00f6rdern und Anf\u00e4ngern das Tauchen im Bodensee erm\u00f6glichen.<\/p>\n<p>Die Vereinsausr\u00fcstung wird derzeit von Hermann betreut und kann bei ihm ausgeliehen werden, meldet auch bei Fragen daher am besten an ihn oder nutzt die <a href=\"https:\/\/truesche.com\/TSGK\/kontakt\/\" title=\"Kontakt\">Kontaktm\u00f6glichkeit <\/a>auf der Homepage.<\/p>\n","protected":false},"excerpt":{"rendered":"<p>Unseren Vereinsmitgliedern steht eine bodenseetaugliche Kaltwasserausr\u00fcstung zu preisg\u00fcnstigen Ausleihbedingungen zur Verf\u00fcgung. Es k\u00f6nnen ausgeliehene werden: &#8211; kaltwassertaugliche Atemregler, &#8211; 12l Tauchflaschen mit getrennt absperrbaren Doppelventilen &#8211; Jackets &#8211; Blei- und Bleigurte &#8211; eine Tauchlampe &#8211; ein Tiefenmesser Zus\u00e4tzlich haben wir &#8230; <a class=\"more-link\" href=\"https:\/\/truesche.com\/TSGK\/ueber-uns\/ausruestung\/\">Read More &raquo;<\/a><\/p>\n","protected":false},"author":4,"featured_media":0,"parent":50,"menu_order":2,"comment_status":"closed","ping_status":"open","template":"","meta":{"_bbp_topic_count":0,"_bbp_reply_count":0,"_bbp_total_topic_count":0,"_bbp_total_reply_count":0,"_bbp_voice_count":0,"_bbp_anonymous_reply_count":0,"_bbp_topic_count_hidden":0,"_bbp_reply_count_hidden":0,"_bbp_forum_subforum_count":0,"jetpack_post_was_ever_published":false},"yoast_head":"<!-- This site is optimized with the Yoast SEO plugin v20.8 - https:\/\/yoast.com\/wordpress\/plugins\/seo\/ -->\n<title>Ausr\u00fcstung - Tauchsportgruppe Konstanz e.V.<\/title>\n<meta name=\"robots\" content=\"index, follow, max-snippet:-1, max-image-preview:large, max-video-preview:-1\" \/>\n<link rel=\"canonical\" href=\"https:\/\/truesche.com\/TSGK\/ueber-uns\/ausruestung\/\" \/>\n<meta property=\"og:locale\" content=\"de_DE\" \/>\n<meta property=\"og:type\" content=\"article\" \/>\n<meta property=\"og:title\" content=\"Ausr\u00fcstung - Tauchsportgruppe Konstanz e.V.\" \/>\n<meta property=\"og:description\" content=\"Unseren Vereinsmitgliedern steht eine bodenseetaugliche Kaltwasserausr\u00fcstung zu preisg\u00fcnstigen Ausleihbedingungen zur Verf\u00fcgung. Es k\u00f6nnen ausgeliehene werden: &#8211; kaltwassertaugliche Atemregler, &#8211; 12l Tauchflaschen mit getrennt absperrbaren Doppelventilen &#8211; Jackets &#8211; Blei- und Bleigurte &#8211; eine Tauchlampe &#8211; ein Tiefenmesser Zus\u00e4tzlich haben wir ... Read More &raquo;\" \/>\n<meta property=\"og:url\" content=\"https:\/\/truesche.com\/TSGK\/ueber-uns\/ausruestung\/\" \/>\n<meta property=\"og:site_name\" content=\"Tauchsportgruppe Konstanz e.V.\" \/>\n<meta property=\"article:modified_time\" content=\"2014-10-22T10:48:29+00:00\" \/>\n<meta name=\"twitter:label1\" content=\"Gesch\u00e4tzte Lesezeit\" \/>\n\t<meta name=\"twitter:data1\" content=\"1\u00a0Minute\" \/>\n<script type=\"application\/ld+json\" class=\"yoast-schema-graph\">{\"@context\":\"https:\/\/schema.org\",\"@graph\":[{\"@type\":\"WebPage\",\"@id\":\"https:\/\/truesche.com\/TSGK\/ueber-uns\/ausruestung\/\",\"url\":\"https:\/\/truesche.com\/TSGK\/ueber-uns\/ausruestung\/\",\"name\":\"Ausr\u00fcstung - Tauchsportgruppe Konstanz e.V.\",\"isPartOf\":{\"@id\":\"https:\/\/truesche.com\/TSGK\/#website\"},\"datePublished\":\"2014-10-21T21:14:03+00:00\",\"dateModified\":\"2014-10-22T10:48:29+00:00\",\"breadcrumb\":{\"@id\":\"https:\/\/truesche.com\/TSGK\/ueber-uns\/ausruestung\/#breadcrumb\"},\"inLanguage\":\"de\",\"potentialAction\":[{\"@type\":\"ReadAction\",\"target\":[\"https:\/\/truesche.com\/TSGK\/ueber-uns\/ausruestung\/\"]}]},{\"@type\":\"BreadcrumbList\",\"@id\":\"https:\/\/truesche.com\/TSGK\/ueber-uns\/ausruestung\/#breadcrumb\",\"itemListElement\":[{\"@type\":\"ListItem\",\"position\":1,\"name\":\"Home\",\"item\":\"https:\/\/truesche.com\/TSGK\/\"},{\"@type\":\"ListItem\",\"position\":2,\"name\":\"\u00dcber uns\",\"item\":\"https:\/\/truesche.com\/TSGK\/ueber-uns\/\"},{\"@type\":\"ListItem\",\"position\":3,\"name\":\"Ausr\u00fcstung\"}]},{\"@type\":\"WebSite\",\"@id\":\"https:\/\/truesche.com\/TSGK\/#website\",\"url\":\"https:\/\/truesche.com\/TSGK\/\",\"name\":\"Tauchsportgruppe Konstanz e.V.\",\"description\":\"Die Seite der Tauchsportgruppe Konstanz\",\"potentialAction\":[{\"@type\":\"SearchAction\",\"target\":{\"@type\":\"EntryPoint\",\"urlTemplate\":\"https:\/\/truesche.com\/TSGK\/?s={search_term_string}\"},\"query-input\":\"required name=search_term_string\"}],\"inLanguage\":\"de\"}]}<\/script>\n<!-- \/ Yoast SEO plugin. -->","yoast_head_json":{"title":"Ausr\u00fcstung - Tauchsportgruppe Konstanz e.V.","robots":{"index":"index","follow":"follow","max-snippet":"max-snippet:-1","max-image-preview":"max-image-preview:large","max-video-preview":"max-video-preview:-1"},"canonical":"https:\/\/truesche.com\/TSGK\/ueber-uns\/ausruestung\/","og_locale":"de_DE","og_type":"article","og_title":"Ausr\u00fcstung - Tauchsportgruppe Konstanz e.V.","og_description":"Unseren Vereinsmitgliedern steht eine bodenseetaugliche Kaltwasserausr\u00fcstung zu preisg\u00fcnstigen Ausleihbedingungen zur Verf\u00fcgung. Es k\u00f6nnen ausgeliehene werden: &#8211; kaltwassertaugliche Atemregler, &#8211; 12l Tauchflaschen mit getrennt absperrbaren Doppelventilen &#8211; Jackets &#8211; Blei- und Bleigurte &#8211; eine Tauchlampe &#8211; ein Tiefenmesser Zus\u00e4tzlich haben wir ... Read More &raquo;","og_url":"https:\/\/truesche.com\/TSGK\/ueber-uns\/ausruestung\/","og_site_name":"Tauchsportgruppe Konstanz e.V.","article_modified_time":"2014-10-22T10:48:29+00:00","twitter_misc":{"Gesch\u00e4tzte Lesezeit":"1\u00a0Minute"},"schema":{"@context":"https:\/\/schema.org","@graph":[{"@type":"WebPage","@id":"https:\/\/truesche.com\/TSGK\/ueber-uns\/ausruestung\/","url":"https:\/\/truesche.com\/TSGK\/ueber-uns\/ausruestung\/","name":"Ausr\u00fcstung - Tauchsportgruppe Konstanz e.V.","isPartOf":{"@id":"https:\/\/truesche.com\/TSGK\/#website"},"datePublished":"2014-10-21T21:14:03+00:00","dateModified":"2014-10-22T10:48:29+00:00","breadcrumb":{"@id":"https:\/\/truesche.com\/TSGK\/ueber-uns\/ausruestung\/#breadcrumb"},"inLanguage":"de","potentialAction":[{"@type":"ReadAction","target":["https:\/\/truesche.com\/TSGK\/ueber-uns\/ausruestung\/"]}]},{"@type":"BreadcrumbList","@id":"https:\/\/truesche.com\/TSGK\/ueber-uns\/ausruestung\/#breadcrumb","itemListElement":[{"@type":"ListItem","position":1,"name":"Home","item":"https:\/\/truesche.com\/TSGK\/"},{"@type":"ListItem","position":2,"name":"\u00dcber uns","item":"https:\/\/truesche.com\/TSGK\/ueber-uns\/"},{"@type":"ListItem","position":3,"name":"Ausr\u00fcstung"}]},{"@type":"WebSite","@id":"https:\/\/truesche.com\/TSGK\/#website","url":"https:\/\/truesche.com\/TSGK\/","name":"Tauchsportgruppe Konstanz e.V.","description":"Die Seite der Tauchsportgruppe Konstanz","potentialAction":[{"@type":"SearchAction","target":{"@type":"EntryPoint","urlTemplate":"https:\/\/truesche.com\/TSGK\/?s={search_term_string}"},"query-input":"required name=search_term_string"}],"inLanguage":"de"}]}},"jetpack_sharing_enabled":true,"jetpack_shortlink":"https:\/\/wp.me\/P4sULs-6L","_links":{"self":[{"href":"https:\/\/truesche.com\/TSGK\/wp-json\/wp\/v2\/pages\/419"}],"collection":[{"href":"https:\/\/truesche.com\/TSGK\/wp-json\/wp\/v2\/pages"}],"about":[{"href":"https:\/\/truesche.com\/TSGK\/wp-json\/wp\/v2\/types\/page"}],"author":[{"embeddable":true,"href":"https:\/\/truesche.com\/TSGK\/wp-json\/wp\/v2\/users\/4"}],"replies":[{"embeddable":true,"href":"https:\/\/truesche.com\/TSGK\/wp-json\/wp\/v2\/comments?post=419"}],"version-history":[{"count":2,"href":"https:\/\/truesche.com\/TSGK\/wp-json\/wp\/v2\/pages\/419\/revisions"}],"predecessor-version":[{"id":428,"href":"https:\/\/truesche.com\/TSGK\/wp-json\/wp\/v2\/pages\/419\/revisions\/428"}],"up":[{"embeddable":true,"href":"https:\/\/truesche.com\/TSGK\/wp-json\/wp\/v2\/pages\/50"}],"wp:attachment":[{"href":"https:\/\/truesche.com\/TSGK\/wp-json\/wp\/v2\/media?parent=419"}],"curies":[{"name":"wp","href":"https:\/\/api.w.org\/{rel}","templated":true}]}}