{"id":416,"date":"2014-10-21T23:13:09","date_gmt":"2014-10-21T21:13:09","guid":{"rendered":"http:\/\/truesche.com\/TSGK\/?page_id=416"},"modified":"2014-10-21T23:13:09","modified_gmt":"2014-10-21T21:13:09","slug":"ausbildung","status":"publish","type":"page","link":"https:\/\/truesche.com\/TSGK\/ueber-uns\/ausbildung\/","title":{"rendered":"Ausbildung"},"content":{"rendered":"<p>Leider haben wir als Konstanzer Verein immer noch keine Schwimmbadzeiten in einem der Schwimmb\u00e4der zur Ausbildung und Training. Hier sind wir mit der Stadt in (inzwischen mehrj\u00e4hrigen) Verhandlungen und hoffen durch die Neuorganisation  im Zusammenhang mit dem Umbau der Bodenseetherme auf einen festen Platz. Deshalb k\u00f6nnen wir bisher nur Fortgeschrittenenausbildung sowie Zusatzbrevets anbieten. Nichtsdestotrotz gibt es verschiedenste M\u00f6glichkeiten f\u00fcr Fortbildungen und Kurse &#8211; nehmt einfach <a href=\"https:\/\/truesche.com\/TSGK\/kontakt\/\" title=\"Kontakt\">Kontakt <\/a>mit uns auf.<\/p>\n","protected":false},"excerpt":{"rendered":"<p>Leider haben wir als Konstanzer Verein immer noch keine Schwimmbadzeiten in einem der Schwimmb\u00e4der zur Ausbildung und Training. Hier sind wir mit der Stadt in (inzwischen mehrj\u00e4hrigen) Verhandlungen und hoffen durch die Neuorganisation im Zusammenhang mit dem Umbau der Bodenseetherme &#8230; <a class=\"more-link\" href=\"https:\/\/truesche.com\/TSGK\/ueber-uns\/ausbildung\/\">Read More &raquo;<\/a><\/p>\n","protected":false},"author":4,"featured_media":0,"parent":50,"menu_order":1,"comment_status":"closed","ping_status":"open","template":"","meta":{"_bbp_topic_count":0,"_bbp_reply_count":0,"_bbp_total_topic_count":0,"_bbp_total_reply_count":0,"_bbp_voice_count":0,"_bbp_anonymous_reply_count":0,"_bbp_topic_count_hidden":0,"_bbp_reply_count_hidden":0,"_bbp_forum_subforum_count":0,"jetpack_post_was_ever_published":false},"yoast_head":"<!-- This site is optimized with the Yoast SEO plugin v20.8 - https:\/\/yoast.com\/wordpress\/plugins\/seo\/ -->\n<title>Ausbildung - Tauchsportgruppe Konstanz e.V.<\/title>\n<meta name=\"robots\" content=\"index, follow, max-snippet:-1, max-image-preview:large, max-video-preview:-1\" \/>\n<link rel=\"canonical\" href=\"https:\/\/truesche.com\/TSGK\/ueber-uns\/ausbildung\/\" \/>\n<meta property=\"og:locale\" content=\"de_DE\" \/>\n<meta property=\"og:type\" content=\"article\" \/>\n<meta property=\"og:title\" content=\"Ausbildung - Tauchsportgruppe Konstanz e.V.\" \/>\n<meta property=\"og:description\" content=\"Leider haben wir als Konstanzer Verein immer noch keine Schwimmbadzeiten in einem der Schwimmb\u00e4der zur Ausbildung und Training. Hier sind wir mit der Stadt in (inzwischen mehrj\u00e4hrigen) Verhandlungen und hoffen durch die Neuorganisation im Zusammenhang mit dem Umbau der Bodenseetherme ... Read More &raquo;\" \/>\n<meta property=\"og:url\" content=\"https:\/\/truesche.com\/TSGK\/ueber-uns\/ausbildung\/\" \/>\n<meta property=\"og:site_name\" content=\"Tauchsportgruppe Konstanz e.V.\" \/>\n<script type=\"application\/ld+json\" class=\"yoast-schema-graph\">{\"@context\":\"https:\/\/schema.org\",\"@graph\":[{\"@type\":\"WebPage\",\"@id\":\"https:\/\/truesche.com\/TSGK\/ueber-uns\/ausbildung\/\",\"url\":\"https:\/\/truesche.com\/TSGK\/ueber-uns\/ausbildung\/\",\"name\":\"Ausbildung - Tauchsportgruppe Konstanz e.V.\",\"isPartOf\":{\"@id\":\"https:\/\/truesche.com\/TSGK\/#website\"},\"datePublished\":\"2014-10-21T21:13:09+00:00\",\"dateModified\":\"2014-10-21T21:13:09+00:00\",\"breadcrumb\":{\"@id\":\"https:\/\/truesche.com\/TSGK\/ueber-uns\/ausbildung\/#breadcrumb\"},\"inLanguage\":\"de\",\"potentialAction\":[{\"@type\":\"ReadAction\",\"target\":[\"https:\/\/truesche.com\/TSGK\/ueber-uns\/ausbildung\/\"]}]},{\"@type\":\"BreadcrumbList\",\"@id\":\"https:\/\/truesche.com\/TSGK\/ueber-uns\/ausbildung\/#breadcrumb\",\"itemListElement\":[{\"@type\":\"ListItem\",\"position\":1,\"name\":\"Home\",\"item\":\"https:\/\/truesche.com\/TSGK\/\"},{\"@type\":\"ListItem\",\"position\":2,\"name\":\"\u00dcber uns\",\"item\":\"https:\/\/truesche.com\/TSGK\/ueber-uns\/\"},{\"@type\":\"ListItem\",\"position\":3,\"name\":\"Ausbildung\"}]},{\"@type\":\"WebSite\",\"@id\":\"https:\/\/truesche.com\/TSGK\/#website\",\"url\":\"https:\/\/truesche.com\/TSGK\/\",\"name\":\"Tauchsportgruppe Konstanz e.V.\",\"description\":\"Die Seite der Tauchsportgruppe Konstanz\",\"potentialAction\":[{\"@type\":\"SearchAction\",\"target\":{\"@type\":\"EntryPoint\",\"urlTemplate\":\"https:\/\/truesche.com\/TSGK\/?s={search_term_string}\"},\"query-input\":\"required name=search_term_string\"}],\"inLanguage\":\"de\"}]}<\/script>\n<!-- \/ Yoast SEO plugin. -->","yoast_head_json":{"title":"Ausbildung - Tauchsportgruppe Konstanz e.V.","robots":{"index":"index","follow":"follow","max-snippet":"max-snippet:-1","max-image-preview":"max-image-preview:large","max-video-preview":"max-video-preview:-1"},"canonical":"https:\/\/truesche.com\/TSGK\/ueber-uns\/ausbildung\/","og_locale":"de_DE","og_type":"article","og_title":"Ausbildung - Tauchsportgruppe Konstanz e.V.","og_description":"Leider haben wir als Konstanzer Verein immer noch keine Schwimmbadzeiten in einem der Schwimmb\u00e4der zur Ausbildung und Training. Hier sind wir mit der Stadt in (inzwischen mehrj\u00e4hrigen) Verhandlungen und hoffen durch die Neuorganisation im Zusammenhang mit dem Umbau der Bodenseetherme ... Read More &raquo;","og_url":"https:\/\/truesche.com\/TSGK\/ueber-uns\/ausbildung\/","og_site_name":"Tauchsportgruppe Konstanz e.V.","schema":{"@context":"https:\/\/schema.org","@graph":[{"@type":"WebPage","@id":"https:\/\/truesche.com\/TSGK\/ueber-uns\/ausbildung\/","url":"https:\/\/truesche.com\/TSGK\/ueber-uns\/ausbildung\/","name":"Ausbildung - Tauchsportgruppe Konstanz e.V.","isPartOf":{"@id":"https:\/\/truesche.com\/TSGK\/#website"},"datePublished":"2014-10-21T21:13:09+00:00","dateModified":"2014-10-21T21:13:09+00:00","breadcrumb":{"@id":"https:\/\/truesche.com\/TSGK\/ueber-uns\/ausbildung\/#breadcrumb"},"inLanguage":"de","potentialAction":[{"@type":"ReadAction","target":["https:\/\/truesche.com\/TSGK\/ueber-uns\/ausbildung\/"]}]},{"@type":"BreadcrumbList","@id":"https:\/\/truesche.com\/TSGK\/ueber-uns\/ausbildung\/#breadcrumb","itemListElement":[{"@type":"ListItem","position":1,"name":"Home","item":"https:\/\/truesche.com\/TSGK\/"},{"@type":"ListItem","position":2,"name":"\u00dcber uns","item":"https:\/\/truesche.com\/TSGK\/ueber-uns\/"},{"@type":"ListItem","position":3,"name":"Ausbildung"}]},{"@type":"WebSite","@id":"https:\/\/truesche.com\/TSGK\/#website","url":"https:\/\/truesche.com\/TSGK\/","name":"Tauchsportgruppe Konstanz e.V.","description":"Die Seite der Tauchsportgruppe Konstanz","potentialAction":[{"@type":"SearchAction","target":{"@type":"EntryPoint","urlTemplate":"https:\/\/truesche.com\/TSGK\/?s={search_term_string}"},"query-input":"required name=search_term_string"}],"inLanguage":"de"}]}},"jetpack_sharing_enabled":true,"jetpack_shortlink":"https:\/\/wp.me\/P4sULs-6I","_links":{"self":[{"href":"https:\/\/truesche.com\/TSGK\/wp-json\/wp\/v2\/pages\/416"}],"collection":[{"href":"https:\/\/truesche.com\/TSGK\/wp-json\/wp\/v2\/pages"}],"about":[{"href":"https:\/\/truesche.com\/TSGK\/wp-json\/wp\/v2\/types\/page"}],"author":[{"embeddable":true,"href":"https:\/\/truesche.com\/TSGK\/wp-json\/wp\/v2\/users\/4"}],"replies":[{"embeddable":true,"href":"https:\/\/truesche.com\/TSGK\/wp-json\/wp\/v2\/comments?post=416"}],"version-history":[{"count":1,"href":"https:\/\/truesche.com\/TSGK\/wp-json\/wp\/v2\/pages\/416\/revisions"}],"predecessor-version":[{"id":417,"href":"https:\/\/truesche.com\/TSGK\/wp-json\/wp\/v2\/pages\/416\/revisions\/417"}],"up":[{"embeddable":true,"href":"https:\/\/truesche.com\/TSGK\/wp-json\/wp\/v2\/pages\/50"}],"wp:attachment":[{"href":"https:\/\/truesche.com\/TSGK\/wp-json\/wp\/v2\/media?parent=416"}],"curies":[{"name":"wp","href":"https:\/\/api.w.org\/{rel}","templated":true}]}}