{"id":40,"date":"2014-01-14T17:35:03","date_gmt":"2014-01-14T15:35:03","guid":{"rendered":"http:\/\/truesche.com\/TSGK\/?page_id=40"},"modified":"2019-05-05T16:35:44","modified_gmt":"2019-05-05T14:35:44","slug":"willlkomen","status":"publish","type":"page","link":"https:\/\/truesche.com\/TSGK\/","title":{"rendered":"Willkommen"},"content":{"rendered":"\n\n<div id=\"welcomeslideshow\" class=\"gss-container\" style=\"width:100%\">\n\t<div class=\"cycle-slideshow\" \n\t\tdata-cycle-timeout=\"4000\"\n\t\tdata-cycle-slides=\"> a\"\n\t\tdata-cycle-paused=\"true\"\n\t\tdata-cycle-prev=\"#welcomeslideshow_prev\"\n\t\tdata-cycle-next=\"#welcomeslideshow_next\"\n\t\tdata-cycle-pager=\"#welcomeslideshow_pager\"\n\t\tdata-cycle-pager-template=\"<a href=#>&nbsp;<\/a>\"\n\t\tdata-cycle-speed=\"750\"\n\t\tdata-cycle-caption=\"#welcomeslideshow_captions\"\n\t\tdata-cycle-caption-template=\"{{cycleCaption}}\"\n\t\t>\n\t\t\t<div id=\"welcomeslideshow_pager\" class=\"gss-pager\"><\/div>\n\t\t\t<a href=\"https:\/\/truesche.com\/TSGK\/mg_5723\/\" data-cycle-caption=\"&lt;strong&gt;Einfach Tauchen&lt;\/strong&gt; - der gr\u00f6\u00dfte Teil unseres Vereinslebens, meistens in der heimischen Artenvielfalt des Bodensees.\"><img src=\"https:\/\/truesche.com\/TSGK\/wp-content\/uploads\/2014\/01\/MG_5723.jpg\" title=\"MG_5723\" alt=\"MG_5723\" \/><\/a>\n\n\t\t\t<a href=\"https:\/\/truesche.com\/TSGK\/aktivitaeten\/museum-unter-wasser\/mg_5729\/\" data-cycle-caption=\"&lt;strong&gt;Das Museum unter Wasser &lt;\/strong&gt; - viele Tauchpl\u00e4tze im Bodensee, wie dieser versunkene Lastensegner vor Ludwigshafen, laden ein in vergangene Unter- und \u00dcberwasserwelten.\"><img src=\"https:\/\/truesche.com\/TSGK\/wp-content\/uploads\/2014\/01\/MG_5729.jpg\" title=\"MG_5729\" alt=\"MG_5729\" \/><\/a>\n\n\t\t\t<a href=\"https:\/\/truesche.com\/TSGK\/eistauchen\/\" data-cycle-caption=\"&lt;strong&gt;Ausbildung&lt;\/strong&gt; - in unserem Verein gro\u00dfgeschrieben, hier beim Sonderkurs Eistauchen.\"><img src=\"https:\/\/truesche.com\/TSGK\/wp-content\/uploads\/2014\/10\/Eistauchen.jpg\" title=\"Eistauchen\" alt=\"Eistauchen\" \/><\/a>\n\n\t\t\t<a href=\"https:\/\/truesche.com\/TSGK\/bali_2014_0293-2\/\" data-cycle-caption=\"&lt;strong&gt; Auch mal bunt &lt;\/strong&gt; - unsere Vereinsmitglieder sind nat\u00fcrlich nicht nur im heimischen Bodensee unterwegs\"><img src=\"https:\/\/truesche.com\/TSGK\/wp-content\/uploads\/2014\/10\/Bali_2014_02931.jpg\" title=\"Bali_2014_0293\" alt=\"Bali_2014_0293\" \/><\/a>\n\n\t\t\t<a href=\"https:\/\/truesche.com\/TSGK\/stroemungs2-2\/\" data-cycle-caption=\"&lt;strong&gt;Ausbildung&lt;\/strong&gt; - in unserem Verein gro\u00dfgeschrieben. Hier beim Sonderkurs Str\u00f6mungstauchen im nahen Seerhein\"><img src=\"https:\/\/truesche.com\/TSGK\/wp-content\/uploads\/2014\/10\/stroemungs2.jpg\" title=\"stroemungs2\" alt=\"stroemungs2\" \/><\/a>\n\n\t\t\t<a href=\"https:\/\/truesche.com\/TSGK\/verzasca-2\/\" data-cycle-caption=\"&lt;strong&gt; Tauchausfahrten &lt;\/strong&gt; - Gemeinsam fahren wir zu den Gew\u00e4ssern in unserer N\u00e4he, hier die Verzasca im sch\u00f6nen Tessin.\"><img src=\"https:\/\/truesche.com\/TSGK\/wp-content\/uploads\/2014\/10\/verzasca1.jpg\" title=\"verzasca\" alt=\"verzasca\" \/><\/a>\n\t<\/div>\n\t<div class=\"gss-info\">\n\t\t<div class=\"gss-nav\"><div id=\"welcomeslideshow_prev\" class=\"gss-prev\">&lt;<\/div><div id=\"welcomeslideshow_play\" class=\"gss-play\">&#9658;<\/div><div id=\"welcomeslideshow_next\" class=\"gss-next\">&gt;<\/div><\/div><div class=\"gss-long-cap\"><strong>Das Museum unter Wasser <\/strong> - viele Tauchpl\u00e4tze im Bodensee, wie dieser versunkene Lastensegner vor Ludwigshafen, laden ein in vergangene Unter- und \u00dcberwasserwelten.<\/div><div id=\"welcomeslideshow_captions\" class=\"gss-captions\"><\/div>\n\t<\/div>\n<\/div>\n\n\n<p><span style=\"color: #000000;\"> Wir begr\u00fcssen Sie und Euch herzlich auf den Seiten der Tauchsportgruppe Konstanz &#8211; dem Tauchverein in Konstanz. Die TSGK e.V. ist Mitglied im <a style=\"color: #000000;\" href=\"http:\/\/www.vdst.de\">Verband Deutscher Sporttaucher&nbsp; (VDST e.V.)<\/a>, <a style=\"color: #000000;\" href=\"http:\/\/www.btsv.de\">im Badischen Tauchsportverband (BTSV e.V.)<\/a>, im Badischen Sportbund (BSB e.V.) sowie im Stadtsportverband Konstanz e.V. Mit derzeit \u00fcber 100 Mitgliedern ist die TSGK e.V. der gr\u00f6sste Konstanzer Tauchverein.<\/span><\/p>\n<p style=\"text-align: justify;\"><span style=\"color: #000000;\">Da wir direkt am Bodensee sind, m\u00f6chten wir Euch neben Infos \u00fcber die TSGK e.V. nat\u00fcrlich besonders f\u00fcr das Tauchen im Bodensee begeistern und unsere Mithilfe als ortsans\u00e4ssige Taucher anbieten. Denn der Bodensee bietet viel mehr als dunkles, kaltes Wasser! \u00dcber Gespr\u00e4che, pers\u00f6nliche Kontakte (und erst recht Beitritte) freuen wir uns besonders.<\/span><\/p>\n<p style=\"text-align: justify;\">Wir w\u00fcnschen Ihnen und Euch viel Spa\u00df auf unseren Seiten, bei Fragen zum Tauchen im Bodensee oder auch anderen Themen und Anregungen am besten einfach eine kurze Nachricht schreiben. Bis dahin immer ein &#8222;gu\u00e4t Luft&#8220; vom Bodensee!<\/p>\n<p style=\"text-align: justify;\">Eure TSGK.<\/p>\n<p style=\"text-align: justify;\">\n","protected":false},"excerpt":{"rendered":"<p>Wir begr\u00fcssen Sie und Euch herzlich auf den Seiten der Tauchsportgruppe Konstanz &#8211; dem Tauchverein in Konstanz. Die TSGK e.V. ist Mitglied im Verband Deutscher Sporttaucher&nbsp; (VDST e.V.), im Badischen Tauchsportverband (BTSV e.V.), im Badischen Sportbund (BSB e.V.) sowie im &#8230; <a class=\"more-link\" href=\"https:\/\/truesche.com\/TSGK\/\">Read More &raquo;<\/a><\/p>\n","protected":false},"author":1,"featured_media":198,"parent":0,"menu_order":1,"comment_status":"closed","ping_status":"closed","template":"","meta":{"_bbp_topic_count":0,"_bbp_reply_count":0,"_bbp_total_topic_count":0,"_bbp_total_reply_count":0,"_bbp_voice_count":0,"_bbp_anonymous_reply_count":0,"_bbp_topic_count_hidden":0,"_bbp_reply_count_hidden":0,"_bbp_forum_subforum_count":0,"jetpack_post_was_ever_published":false},"yoast_head":"<!-- This site is optimized with the Yoast SEO plugin v20.8 - https:\/\/yoast.com\/wordpress\/plugins\/seo\/ -->\n<title>Willkommen - Tauchsportgruppe Konstanz e.V.<\/title>\n<meta name=\"description\" content=\"Tauchverein Konstanz Bodensee im VDST BTSV BSB Stadtsportverband Unterwasserrugby UWR\" \/>\n<meta name=\"robots\" content=\"index, follow, max-snippet:-1, max-image-preview:large, max-video-preview:-1\" \/>\n<link rel=\"canonical\" href=\"https:\/\/truesche.com\/TSGK\/\" \/>\n<meta property=\"og:locale\" content=\"de_DE\" \/>\n<meta property=\"og:type\" content=\"article\" \/>\n<meta property=\"og:title\" content=\"Willkommen - Tauchsportgruppe Konstanz e.V.\" \/>\n<meta property=\"og:description\" content=\"Tauchverein Konstanz Bodensee im VDST BTSV BSB Stadtsportverband Unterwasserrugby UWR\" \/>\n<meta property=\"og:url\" content=\"https:\/\/truesche.com\/TSGK\/\" \/>\n<meta property=\"og:site_name\" content=\"Tauchsportgruppe Konstanz e.V.\" \/>\n<meta property=\"article:modified_time\" content=\"2019-05-05T14:35:44+00:00\" \/>\n<meta property=\"og:image\" content=\"https:\/\/truesche.com\/TSGK\/wp-content\/uploads\/2014\/04\/MG_5408-2.jpg\" \/>\n\t<meta property=\"og:image:width\" content=\"945\" \/>\n\t<meta property=\"og:image:height\" content=\"630\" \/>\n\t<meta property=\"og:image:type\" content=\"image\/jpeg\" \/>\n<meta name=\"twitter:label1\" content=\"Gesch\u00e4tzte Lesezeit\" \/>\n\t<meta name=\"twitter:data1\" content=\"1\u00a0Minute\" \/>\n<script type=\"application\/ld+json\" class=\"yoast-schema-graph\">{\"@context\":\"https:\/\/schema.org\",\"@graph\":[{\"@type\":\"WebPage\",\"@id\":\"https:\/\/truesche.com\/TSGK\/\",\"url\":\"https:\/\/truesche.com\/TSGK\/\",\"name\":\"Willkommen - Tauchsportgruppe Konstanz e.V.\",\"isPartOf\":{\"@id\":\"https:\/\/truesche.com\/TSGK\/#website\"},\"datePublished\":\"2014-01-14T15:35:03+00:00\",\"dateModified\":\"2019-05-05T14:35:44+00:00\",\"description\":\"Tauchverein Konstanz Bodensee im VDST BTSV BSB Stadtsportverband Unterwasserrugby UWR\",\"breadcrumb\":{\"@id\":\"https:\/\/truesche.com\/TSGK\/#breadcrumb\"},\"inLanguage\":\"de\",\"potentialAction\":[{\"@type\":\"ReadAction\",\"target\":[\"https:\/\/truesche.com\/TSGK\/\"]}]},{\"@type\":\"BreadcrumbList\",\"@id\":\"https:\/\/truesche.com\/TSGK\/#breadcrumb\",\"itemListElement\":[{\"@type\":\"ListItem\",\"position\":1,\"name\":\"Home\",\"item\":\"https:\/\/truesche.com\/TSGK\/\"},{\"@type\":\"ListItem\",\"position\":2,\"name\":\"Willkommen\"}]},{\"@type\":\"WebSite\",\"@id\":\"https:\/\/truesche.com\/TSGK\/#website\",\"url\":\"https:\/\/truesche.com\/TSGK\/\",\"name\":\"Tauchsportgruppe Konstanz e.V.\",\"description\":\"Die Seite der Tauchsportgruppe Konstanz\",\"potentialAction\":[{\"@type\":\"SearchAction\",\"target\":{\"@type\":\"EntryPoint\",\"urlTemplate\":\"https:\/\/truesche.com\/TSGK\/?s={search_term_string}\"},\"query-input\":\"required name=search_term_string\"}],\"inLanguage\":\"de\"}]}<\/script>\n<!-- \/ Yoast SEO plugin. -->","yoast_head_json":{"title":"Willkommen - Tauchsportgruppe Konstanz e.V.","description":"Tauchverein Konstanz Bodensee im VDST BTSV BSB Stadtsportverband Unterwasserrugby UWR","robots":{"index":"index","follow":"follow","max-snippet":"max-snippet:-1","max-image-preview":"max-image-preview:large","max-video-preview":"max-video-preview:-1"},"canonical":"https:\/\/truesche.com\/TSGK\/","og_locale":"de_DE","og_type":"article","og_title":"Willkommen - Tauchsportgruppe Konstanz e.V.","og_description":"Tauchverein Konstanz Bodensee im VDST BTSV BSB Stadtsportverband Unterwasserrugby UWR","og_url":"https:\/\/truesche.com\/TSGK\/","og_site_name":"Tauchsportgruppe Konstanz e.V.","article_modified_time":"2019-05-05T14:35:44+00:00","og_image":[{"width":945,"height":630,"url":"https:\/\/truesche.com\/TSGK\/wp-content\/uploads\/2014\/04\/MG_5408-2.jpg","type":"image\/jpeg"}],"twitter_misc":{"Gesch\u00e4tzte Lesezeit":"1\u00a0Minute"},"schema":{"@context":"https:\/\/schema.org","@graph":[{"@type":"WebPage","@id":"https:\/\/truesche.com\/TSGK\/","url":"https:\/\/truesche.com\/TSGK\/","name":"Willkommen - Tauchsportgruppe Konstanz e.V.","isPartOf":{"@id":"https:\/\/truesche.com\/TSGK\/#website"},"datePublished":"2014-01-14T15:35:03+00:00","dateModified":"2019-05-05T14:35:44+00:00","description":"Tauchverein Konstanz Bodensee im VDST BTSV BSB Stadtsportverband Unterwasserrugby UWR","breadcrumb":{"@id":"https:\/\/truesche.com\/TSGK\/#breadcrumb"},"inLanguage":"de","potentialAction":[{"@type":"ReadAction","target":["https:\/\/truesche.com\/TSGK\/"]}]},{"@type":"BreadcrumbList","@id":"https:\/\/truesche.com\/TSGK\/#breadcrumb","itemListElement":[{"@type":"ListItem","position":1,"name":"Home","item":"https:\/\/truesche.com\/TSGK\/"},{"@type":"ListItem","position":2,"name":"Willkommen"}]},{"@type":"WebSite","@id":"https:\/\/truesche.com\/TSGK\/#website","url":"https:\/\/truesche.com\/TSGK\/","name":"Tauchsportgruppe Konstanz e.V.","description":"Die Seite der Tauchsportgruppe Konstanz","potentialAction":[{"@type":"SearchAction","target":{"@type":"EntryPoint","urlTemplate":"https:\/\/truesche.com\/TSGK\/?s={search_term_string}"},"query-input":"required name=search_term_string"}],"inLanguage":"de"}]}},"jetpack_sharing_enabled":false,"jetpack_shortlink":"https:\/\/wp.me\/P4sULs-E","_links":{"self":[{"href":"https:\/\/truesche.com\/TSGK\/wp-json\/wp\/v2\/pages\/40"}],"collection":[{"href":"https:\/\/truesche.com\/TSGK\/wp-json\/wp\/v2\/pages"}],"about":[{"href":"https:\/\/truesche.com\/TSGK\/wp-json\/wp\/v2\/types\/page"}],"author":[{"embeddable":true,"href":"https:\/\/truesche.com\/TSGK\/wp-json\/wp\/v2\/users\/1"}],"replies":[{"embeddable":true,"href":"https:\/\/truesche.com\/TSGK\/wp-json\/wp\/v2\/comments?post=40"}],"version-history":[{"count":60,"href":"https:\/\/truesche.com\/TSGK\/wp-json\/wp\/v2\/pages\/40\/revisions"}],"predecessor-version":[{"id":798,"href":"https:\/\/truesche.com\/TSGK\/wp-json\/wp\/v2\/pages\/40\/revisions\/798"}],"wp:featuredmedia":[{"embeddable":true,"href":"https:\/\/truesche.com\/TSGK\/wp-json\/wp\/v2\/media\/198"}],"wp:attachment":[{"href":"https:\/\/truesche.com\/TSGK\/wp-json\/wp\/v2\/media?parent=40"}],"curies":[{"name":"wp","href":"https:\/\/api.w.org\/{rel}","templated":true}]}}