{"id":304,"date":"2014-10-11T12:16:38","date_gmt":"2014-10-11T11:16:38","guid":{"rendered":"http:\/\/truesche.com\/TSGK\/?page_id=304"},"modified":"2018-12-02T17:20:33","modified_gmt":"2018-12-02T16:20:33","slug":"schnorcheltraining","status":"publish","type":"page","link":"https:\/\/truesche.com\/TSGK\/aktivitaeten\/schnorcheltraining\/","title":{"rendered":"Schnorcheltraining"},"content":{"rendered":"<p>Aufgrund der Schwimmbadsituation in Konstanz, haben wir f\u00fcr unsere Ausbildung und Schnorcheltraining Schwimmbadzeiten in Stockach. Von September bis Mai steht uns jeden Sonntagabend 18 Uhr das ganze Schwimmbad zur Verf\u00fcgung.<\/p>\n<p><img decoding=\"async\" loading=\"lazy\" src=\"https:\/\/truesche.com\/TSGK\/wp-content\/uploads\/2018\/12\/img_6330.jpg\" class=\"size-medium wp-image-735 alignleft\" width=\"4032\" height=\"3024\" srcset=\"https:\/\/truesche.com\/TSGK\/wp-content\/uploads\/2018\/12\/img_6330.jpg 4032w, https:\/\/truesche.com\/TSGK\/wp-content\/uploads\/2018\/12\/img_6330-300x225.jpg 300w, https:\/\/truesche.com\/TSGK\/wp-content\/uploads\/2018\/12\/img_6330-768x576.jpg 768w, https:\/\/truesche.com\/TSGK\/wp-content\/uploads\/2018\/12\/img_6330-1024x768.jpg 1024w, https:\/\/truesche.com\/TSGK\/wp-content\/uploads\/2018\/12\/img_6330-940x705.jpg 940w\" sizes=\"(max-width: 4032px) 100vw, 4032px\" \/><\/p>\n<p>Ebenso besteht dort die M\u00f6glichkeit zum ersten Schnuppertauchen.<\/p>\n<p>M\u00f6glich ist aber (auch f\u00fcr Nicht-Studenten) die Teilnahme beim Schnorcheltraining des Konstanzer Hochschulsports.\u00a0Details hierzu kann man auf den Seiten des Hochschulsports der Universit\u00e4t Konstanz finden.<\/p>\n","protected":false},"excerpt":{"rendered":"<p>Aufgrund der Schwimmbadsituation in Konstanz, haben wir f\u00fcr unsere Ausbildung und Schnorcheltraining Schwimmbadzeiten in Stockach. Von September bis Mai steht uns jeden Sonntagabend 18 Uhr das ganze Schwimmbad zur Verf\u00fcgung. Ebenso besteht dort die M\u00f6glichkeit zum ersten Schnuppertauchen. M\u00f6glich ist &#8230; <a class=\"more-link\" href=\"https:\/\/truesche.com\/TSGK\/aktivitaeten\/schnorcheltraining\/\">Read More &raquo;<\/a><\/p>\n","protected":false},"author":4,"featured_media":0,"parent":42,"menu_order":4,"comment_status":"open","ping_status":"open","template":"","meta":{"_bbp_topic_count":0,"_bbp_reply_count":0,"_bbp_total_topic_count":0,"_bbp_total_reply_count":0,"_bbp_voice_count":0,"_bbp_anonymous_reply_count":0,"_bbp_topic_count_hidden":0,"_bbp_reply_count_hidden":0,"_bbp_forum_subforum_count":0,"jetpack_post_was_ever_published":false},"yoast_head":"<!-- This site is optimized with the Yoast SEO plugin v20.8 - https:\/\/yoast.com\/wordpress\/plugins\/seo\/ -->\n<title>Schnorcheltraining - Tauchsportgruppe Konstanz e.V.<\/title>\n<meta name=\"robots\" content=\"index, follow, max-snippet:-1, max-image-preview:large, max-video-preview:-1\" \/>\n<link rel=\"canonical\" href=\"https:\/\/truesche.com\/TSGK\/aktivitaeten\/schnorcheltraining\/\" \/>\n<meta property=\"og:locale\" content=\"de_DE\" \/>\n<meta property=\"og:type\" content=\"article\" \/>\n<meta property=\"og:title\" content=\"Schnorcheltraining - Tauchsportgruppe Konstanz e.V.\" \/>\n<meta property=\"og:description\" content=\"Aufgrund der Schwimmbadsituation in Konstanz, haben wir f\u00fcr unsere Ausbildung und Schnorcheltraining Schwimmbadzeiten in Stockach. Von September bis Mai steht uns jeden Sonntagabend 18 Uhr das ganze Schwimmbad zur Verf\u00fcgung. Ebenso besteht dort die M\u00f6glichkeit zum ersten Schnuppertauchen. M\u00f6glich ist ... Read More &raquo;\" \/>\n<meta property=\"og:url\" content=\"https:\/\/truesche.com\/TSGK\/aktivitaeten\/schnorcheltraining\/\" \/>\n<meta property=\"og:site_name\" content=\"Tauchsportgruppe Konstanz e.V.\" \/>\n<meta property=\"article:modified_time\" content=\"2018-12-02T16:20:33+00:00\" \/>\n<meta property=\"og:image\" content=\"https:\/\/truesche.com\/TSGK\/wp-content\/uploads\/2018\/12\/img_6330.jpg\" \/>\n<script type=\"application\/ld+json\" class=\"yoast-schema-graph\">{\"@context\":\"https:\/\/schema.org\",\"@graph\":[{\"@type\":\"WebPage\",\"@id\":\"https:\/\/truesche.com\/TSGK\/aktivitaeten\/schnorcheltraining\/\",\"url\":\"https:\/\/truesche.com\/TSGK\/aktivitaeten\/schnorcheltraining\/\",\"name\":\"Schnorcheltraining - Tauchsportgruppe Konstanz e.V.\",\"isPartOf\":{\"@id\":\"https:\/\/truesche.com\/TSGK\/#website\"},\"datePublished\":\"2014-10-11T11:16:38+00:00\",\"dateModified\":\"2018-12-02T16:20:33+00:00\",\"breadcrumb\":{\"@id\":\"https:\/\/truesche.com\/TSGK\/aktivitaeten\/schnorcheltraining\/#breadcrumb\"},\"inLanguage\":\"de\",\"potentialAction\":[{\"@type\":\"ReadAction\",\"target\":[\"https:\/\/truesche.com\/TSGK\/aktivitaeten\/schnorcheltraining\/\"]}]},{\"@type\":\"BreadcrumbList\",\"@id\":\"https:\/\/truesche.com\/TSGK\/aktivitaeten\/schnorcheltraining\/#breadcrumb\",\"itemListElement\":[{\"@type\":\"ListItem\",\"position\":1,\"name\":\"Home\",\"item\":\"https:\/\/truesche.com\/TSGK\/\"},{\"@type\":\"ListItem\",\"position\":2,\"name\":\"Aktivit\u00e4ten\",\"item\":\"https:\/\/truesche.com\/TSGK\/aktivitaeten\/\"},{\"@type\":\"ListItem\",\"position\":3,\"name\":\"Schnorcheltraining\"}]},{\"@type\":\"WebSite\",\"@id\":\"https:\/\/truesche.com\/TSGK\/#website\",\"url\":\"https:\/\/truesche.com\/TSGK\/\",\"name\":\"Tauchsportgruppe Konstanz e.V.\",\"description\":\"Die Seite der Tauchsportgruppe Konstanz\",\"potentialAction\":[{\"@type\":\"SearchAction\",\"target\":{\"@type\":\"EntryPoint\",\"urlTemplate\":\"https:\/\/truesche.com\/TSGK\/?s={search_term_string}\"},\"query-input\":\"required name=search_term_string\"}],\"inLanguage\":\"de\"}]}<\/script>\n<!-- \/ Yoast SEO plugin. -->","yoast_head_json":{"title":"Schnorcheltraining - Tauchsportgruppe Konstanz e.V.","robots":{"index":"index","follow":"follow","max-snippet":"max-snippet:-1","max-image-preview":"max-image-preview:large","max-video-preview":"max-video-preview:-1"},"canonical":"https:\/\/truesche.com\/TSGK\/aktivitaeten\/schnorcheltraining\/","og_locale":"de_DE","og_type":"article","og_title":"Schnorcheltraining - Tauchsportgruppe Konstanz e.V.","og_description":"Aufgrund der Schwimmbadsituation in Konstanz, haben wir f\u00fcr unsere Ausbildung und Schnorcheltraining Schwimmbadzeiten in Stockach. Von September bis Mai steht uns jeden Sonntagabend 18 Uhr das ganze Schwimmbad zur Verf\u00fcgung. Ebenso besteht dort die M\u00f6glichkeit zum ersten Schnuppertauchen. M\u00f6glich ist ... Read More &raquo;","og_url":"https:\/\/truesche.com\/TSGK\/aktivitaeten\/schnorcheltraining\/","og_site_name":"Tauchsportgruppe Konstanz e.V.","article_modified_time":"2018-12-02T16:20:33+00:00","og_image":[{"url":"https:\/\/truesche.com\/TSGK\/wp-content\/uploads\/2018\/12\/img_6330.jpg"}],"schema":{"@context":"https:\/\/schema.org","@graph":[{"@type":"WebPage","@id":"https:\/\/truesche.com\/TSGK\/aktivitaeten\/schnorcheltraining\/","url":"https:\/\/truesche.com\/TSGK\/aktivitaeten\/schnorcheltraining\/","name":"Schnorcheltraining - Tauchsportgruppe Konstanz e.V.","isPartOf":{"@id":"https:\/\/truesche.com\/TSGK\/#website"},"datePublished":"2014-10-11T11:16:38+00:00","dateModified":"2018-12-02T16:20:33+00:00","breadcrumb":{"@id":"https:\/\/truesche.com\/TSGK\/aktivitaeten\/schnorcheltraining\/#breadcrumb"},"inLanguage":"de","potentialAction":[{"@type":"ReadAction","target":["https:\/\/truesche.com\/TSGK\/aktivitaeten\/schnorcheltraining\/"]}]},{"@type":"BreadcrumbList","@id":"https:\/\/truesche.com\/TSGK\/aktivitaeten\/schnorcheltraining\/#breadcrumb","itemListElement":[{"@type":"ListItem","position":1,"name":"Home","item":"https:\/\/truesche.com\/TSGK\/"},{"@type":"ListItem","position":2,"name":"Aktivit\u00e4ten","item":"https:\/\/truesche.com\/TSGK\/aktivitaeten\/"},{"@type":"ListItem","position":3,"name":"Schnorcheltraining"}]},{"@type":"WebSite","@id":"https:\/\/truesche.com\/TSGK\/#website","url":"https:\/\/truesche.com\/TSGK\/","name":"Tauchsportgruppe Konstanz e.V.","description":"Die Seite der Tauchsportgruppe Konstanz","potentialAction":[{"@type":"SearchAction","target":{"@type":"EntryPoint","urlTemplate":"https:\/\/truesche.com\/TSGK\/?s={search_term_string}"},"query-input":"required name=search_term_string"}],"inLanguage":"de"}]}},"jetpack_sharing_enabled":true,"jetpack_shortlink":"https:\/\/wp.me\/P4sULs-4U","_links":{"self":[{"href":"https:\/\/truesche.com\/TSGK\/wp-json\/wp\/v2\/pages\/304"}],"collection":[{"href":"https:\/\/truesche.com\/TSGK\/wp-json\/wp\/v2\/pages"}],"about":[{"href":"https:\/\/truesche.com\/TSGK\/wp-json\/wp\/v2\/types\/page"}],"author":[{"embeddable":true,"href":"https:\/\/truesche.com\/TSGK\/wp-json\/wp\/v2\/users\/4"}],"replies":[{"embeddable":true,"href":"https:\/\/truesche.com\/TSGK\/wp-json\/wp\/v2\/comments?post=304"}],"version-history":[{"count":8,"href":"https:\/\/truesche.com\/TSGK\/wp-json\/wp\/v2\/pages\/304\/revisions"}],"predecessor-version":[{"id":738,"href":"https:\/\/truesche.com\/TSGK\/wp-json\/wp\/v2\/pages\/304\/revisions\/738"}],"up":[{"embeddable":true,"href":"https:\/\/truesche.com\/TSGK\/wp-json\/wp\/v2\/pages\/42"}],"wp:attachment":[{"href":"https:\/\/truesche.com\/TSGK\/wp-json\/wp\/v2\/media?parent=304"}],"curies":[{"name":"wp","href":"https:\/\/api.w.org\/{rel}","templated":true}]}}